{"id":76015,"date":"2021-09-03T13:29:16","date_gmt":"2021-09-03T13:29:16","guid":{"rendered":"https:\/\/burzoncomenge.com\/quienes-somos\/"},"modified":"2026-02-04T11:37:35","modified_gmt":"2026-02-04T11:37:35","slug":"about-us","status":"publish","type":"page","link":"https:\/\/burzoncomenge.com\/es\/about-us\/","title":{"rendered":"Quienes somos"},"content":{"rendered":"<div class=\"wpb-content-wrapper\"><p>[vc_row][vc_column]<div class=\"left-socials black\">\t<a class=\"instagram\" href=\"https:\/\/www.instagram.com\/burzon_comenge\/\"><\/a>\t<a class=\"twitter\" href=\"https:\/\/twitter.com\/burzon_comenge\"><\/a>\t<a class=\"behance\" href=\"https:\/\/www.behance.net\/BurzonComenge\"><\/a><\/div>\n\n\t\t\t<header class=\"page--head pagebanner Y2IQFc\" style=\"background-image: url(); background-color: ; margin-bottom: \">\n\t\t\t\t<div class=\"wrap\">\n\t\t\t\t\t<div class=\"wrap_float\">\n\t\t\t\t\t\t<h1 class=\"title\" style=\"max-width: 505px;\">Estudio creativo de innovaci\u00f3n digital para conectar cultura y audiencias<\/h1>\t<a class=\"link js-modal-form\"><span><span class=\"link-text\">Cont\u00e1ctanos<\/span><\/span><\/a><\/div>\n\t\t\t\t<\/div>\n\t\t\t<\/header>[\/vc_column][\/vc_row][vc_row][vc_column]<div class=\"scroll-effect \" id=\"scroll-effect\">\r\n\t\t\t\t<div class=\"full-image-section first-level\" id=\"first-level\" style=\"background-image: url(https:\/\/burzoncomenge.com\/wp-content\/uploads\/2020\/11\/Giravolt_burzon_comenge.jpg)\"><\/div>\r\n\t\t\t\t<div class=\"description-section concept-block second-level\" id=\"concept-block\">\r\n\t\t\t\t\t<div class=\"bg-color\" style=\"background-color: #191919;\"><\/div>\r\n\t\t\t\t\t<div class=\"wrap\">\r\n\t\t\t\t\t\t<div class=\"wrap_float\">\r\n\t\t\t\t\t\t\t<div class=\"text\">\r\n\t\t\t\t\t\t\t\t\r\n\t\t\t\t\t\t\t<\/div>\r\n\t\t\t\t\t\t\t<div class=\"small-text\">\r\n\t\t\t\t\t\t\t\t\r\n\t\t\t\t\t\t\t<\/div>\r\n\t\t\t\t\t\t<\/div>\r\n\t\t\t\t\t<\/div>\r\n\t\t\t\t<\/div>\r\n\t\t\t<\/div><div class=\"info-block Y2IQFc\"><div class=\"wrap\">\r\n\t\t\t\t\t<div class=\"wrap_float\">\r\n\t\t\t\t\t\t<p><b><\/b> <\/p><a class=\"link\" href=\"\"><span><span class=\"link-text\"><\/span><\/span><\/a>\r\n\t\t\t\t\t<\/div>\r\n\t\t\t\t<\/div>\r\n\t\t\t<\/div><div class=\"info-block Y2IQFc\"><div class=\"wrap\">\r\n\t\t\t\t\t<div class=\"wrap_float\">\r\n\t\t\t\t\t\t<p><b>Investigamos<\/b> <\/p><a class=\"link\" href=\"\"><span><span class=\"link-text\"><\/span><\/span><\/a>\r\n\t\t\t\t\t<\/div>\r\n\t\t\t\t<\/div>\r\n\t\t\t<\/div>[\/vc_column][\/vc_row][vc_row background_color=&#8221;#f4f4f4&#8243;][vc_column css=&#8221;.vc_custom_1588499728559{background-color: #f4f4f4 !important;}&#8221;]<section class=\"team \">\r\n\t\t\t\t<div class=\"wrap\">\r\n\t\t\t\t\t<div class=\"wrap_float\">\r\n\t\t\t\t\t\t<h2 class=\"title\">Equipo creativo<\/h2>\r\n\t\t\t\t\t\t<p class=\"subtitle\">Somos un equipo multidisciplinar con una s\u00f3lida y larga experiencia en dise\u00f1o, arte y tecnolog\u00eda. Con nuestras habilidades complementarias resolvemos cualquier reto.<\/p>\r\n\r\n\t\t\t\t\t\t<div class=\"section_content\">\r\n\t\t\t\t\t\t\t\t\t<div class=\"item \">\r\n\t\t\t\t\t\t<div class=\"item_img\">\r\n\t\t\t\t\t\t\t<div class=\"socials-user\">\t<a class=\"instagram\" href=\"https:\/\/www.instagram.com\/burzon_comenge\/\"><\/a>\t<a class=\"twitter\" href=\"https:\/\/twitter.com\/burzon_comenge?lang=ca\"><\/a>\t<a class=\"linkedin\" href=\"https:\/\/www.linkedin.com\/in\/ester-comenge-secanell-90a3563b\/\"><\/a>\t\t<\/div>\r\n\t\t\t\t\t\t\t<div class=\"sq_parent\">\r\n\t\t\t\t\t\t\t\t<div class=\"sq_wrap\">\r\n\t\t\t\t\t\t\t\t\t<div class=\"sq_content\"><img decoding=\"async\" alt=\"\" src=\"https:\/\/burzoncomenge.com\/wp-content\/uploads\/2022\/03\/Albert_BurzonComenge2.jpg\"><\/div>\r\n\t\t\t\t\t\t\t\t<\/div>\r\n\t\t\t\t\t\t\t<\/div>\r\n\t\t\t\t\t\t<\/div>\r\n\t\t\t\t\t\t<h3 class=\"item_name\">Albert Burzon<\/h3>\r\n\t\t\t\t\t\t<p class=\"item_position\">CEO. Especialista en innovaci\u00f3n audiovisual y restituci\u00f3n de patrimonio cultural<\/p>\r\n\t\t\t\t\t<\/div><div class=\"item \">\r\n\t\t\t\t\t\t<div class=\"item_img\">\r\n\t\t\t\t\t\t\t<div class=\"socials-user\">\t<a class=\"instagram\" href=\"https:\/\/www.instagram.com\/burzon_comenge\/\"><\/a>\t<a class=\"twitter\" href=\"https:\/\/twitter.com\/burzon_comenge?lang=ca\"><\/a>\t<a class=\"linkedin\" href=\"https:\/\/www.linkedin.com\/in\/ester-comenge-secanell-90a3563b\/\"><\/a>\t\t<\/div>\r\n\t\t\t\t\t\t\t<div class=\"sq_parent\">\r\n\t\t\t\t\t\t\t\t<div class=\"sq_wrap\">\r\n\t\t\t\t\t\t\t\t\t<div class=\"sq_content\"><img decoding=\"async\" alt=\"\" src=\"https:\/\/burzoncomenge.com\/wp-content\/uploads\/2022\/03\/Ester_BurzonComenge2.jpg\"><\/div>\r\n\t\t\t\t\t\t\t\t<\/div>\r\n\t\t\t\t\t\t\t<\/div>\r\n\t\t\t\t\t\t<\/div>\r\n\t\t\t\t\t\t<h3 class=\"item_name\">Ester Comenge<\/h3>\r\n\t\t\t\t\t\t<p class=\"item_position\">CEO. Especialista en estrategia digital, dise\u00f1o e imagen corporativa.<\/p>\r\n\t\t\t\t\t<\/div><div class=\"item \">\r\n\t\t\t\t\t\t<div class=\"item_img\">\r\n\t\t\t\t\t\t\t<div class=\"socials-user\">\t<a class=\"instagram\" href=\"https:\/\/www.instagram.com\/burzon_comenge\/\"><\/a>\t<a class=\"twitter\" href=\"https:\/\/twitter.com\/burzon_comenge?lang=ca\"><\/a>\t<a class=\"linkedin\" href=\"https:\/\/www.linkedin.com\/in\/ester-comenge-secanell-90a3563b\"><\/a>\t\t<\/div>\r\n\t\t\t\t\t\t\t<div class=\"sq_parent\">\r\n\t\t\t\t\t\t\t\t<div class=\"sq_wrap\">\r\n\t\t\t\t\t\t\t\t\t<div class=\"sq_content\"><img decoding=\"async\" alt=\"\" src=\"https:\/\/burzoncomenge.com\/wp-content\/uploads\/2022\/03\/Galo_burzonComenge.jpg\"><\/div>\r\n\t\t\t\t\t\t\t\t<\/div>\r\n\t\t\t\t\t\t\t<\/div>\r\n\t\t\t\t\t\t<\/div>\r\n\t\t\t\t\t\t<h3 class=\"item_name\">Galo Bertran<\/h3>\r\n\t\t\t\t\t\t<p class=\"item_position\">Especialista en digitalitzaci\u00f3n<\/p>\r\n\t\t\t\t\t<\/div><div class=\"item \">\r\n\t\t\t\t\t\t<div class=\"item_img\">\r\n\t\t\t\t\t\t\t<div class=\"socials-user\">\t<a class=\"instagram\" href=\"https:\/\/www.instagram.com\/burzon_comenge\/\"><\/a>\t<a class=\"twitter\" href=\"https:\/\/twitter.com\/burzon_comenge?lang=ca\"><\/a>\t<a class=\"linkedin\" href=\"https:\/\/www.linkedin.com\/in\/ester-comenge-secanell-90a3563b\"><\/a>\t\t<\/div>\r\n\t\t\t\t\t\t\t<div class=\"sq_parent\">\r\n\t\t\t\t\t\t\t\t<div class=\"sq_wrap\">\r\n\t\t\t\t\t\t\t\t\t<div class=\"sq_content\"><img decoding=\"async\" alt=\"\" src=\"https:\/\/burzoncomenge.com\/wp-content\/uploads\/2023\/01\/Raquel_Camacho_webbc.jpg\"><\/div>\r\n\t\t\t\t\t\t\t\t<\/div>\r\n\t\t\t\t\t\t\t<\/div>\r\n\t\t\t\t\t\t<\/div>\r\n\t\t\t\t\t\t<h3 class=\"item_name\">Raquel Camacho<\/h3>\r\n\t\t\t\t\t\t<p class=\"item_position\">Especialista en comunicaci\u00f3n audiovisual y coordinadora de proyectos<\/p>\r\n\t\t\t\t\t<\/div><div class=\"item \">\r\n\t\t\t\t\t\t<div class=\"item_img\">\r\n\t\t\t\t\t\t\t<div class=\"socials-user\">\t<a class=\"instagram\" href=\"https:\/\/www.instagram.com\/burzon_comenge\/\"><\/a>\t<a class=\"twitter\" href=\"https:\/\/twitter.com\/burzon_comenge?lang=ca\"><\/a>\t<a class=\"linkedin\" href=\"https:\/\/www.linkedin.com\/in\/ester-comenge-secanell-90a3563b\"><\/a>\t\t<\/div>\r\n\t\t\t\t\t\t\t<div class=\"sq_parent\">\r\n\t\t\t\t\t\t\t\t<div class=\"sq_wrap\">\r\n\t\t\t\t\t\t\t\t\t<div class=\"sq_content\"><img decoding=\"async\" alt=\"\" src=\"https:\/\/burzoncomenge.com\/wp-content\/uploads\/2023\/01\/Xavi_Carol_web_bc.jpg\"><\/div>\r\n\t\t\t\t\t\t\t\t<\/div>\r\n\t\t\t\t\t\t\t<\/div>\r\n\t\t\t\t\t\t<\/div>\r\n\t\t\t\t\t\t<h3 class=\"item_name\">Xavi Carol<\/h3>\r\n\t\t\t\t\t\t<p class=\"item_position\">Especialista audiovisual y motion grapher<\/p>\r\n\t\t\t\t\t<\/div><div class=\"item \">\r\n\t\t\t\t\t\t<div class=\"item_img\">\r\n\t\t\t\t\t\t\t<div class=\"socials-user\">\t<a class=\"instagram\" href=\"https:\/\/www.instagram.com\/burzon_comenge\/\"><\/a>\t<a class=\"twitter\" href=\"https:\/\/twitter.com\/burzon_comenge?lang=ca\"><\/a>\t<a class=\"linkedin\" href=\"https:\/\/www.linkedin.com\/in\/ester-comenge-secanell-90a3563b\"><\/a>\t\t<\/div>\r\n\t\t\t\t\t\t\t<div class=\"sq_parent\">\r\n\t\t\t\t\t\t\t\t<div class=\"sq_wrap\">\r\n\t\t\t\t\t\t\t\t\t<div class=\"sq_content\"><img decoding=\"async\" alt=\"\" src=\"https:\/\/burzoncomenge.com\/wp-content\/uploads\/2022\/03\/Alba_Comenge.jpg\"><\/div>\r\n\t\t\t\t\t\t\t\t<\/div>\r\n\t\t\t\t\t\t\t<\/div>\r\n\t\t\t\t\t\t<\/div>\r\n\t\t\t\t\t\t<h3 class=\"item_name\">Alba Comenge<\/h3>\r\n\t\t\t\t\t\t<p class=\"item_position\">Dise\u00f1adora UX\/U y Motion Grapher<\/p>\r\n\t\t\t\t\t<\/div>\r\n\t\t\t\t\t\t<\/div>\r\n\r\n\t\t\t\t\t<\/div>\r\n\t\t\t\t<\/div>\r\n\t\t\t<\/section>[\/vc_column][\/vc_row][vc_row][vc_column css=&#8221;.vc_custom_1588499685294{background-color: #ffffff !important;}&#8221;]<section class=\"awards \" style=\"background-color: #ffffff\">\r\n\t\t\t\t<div class=\"wrap\">\r\n\t\t\t\t\t<div class=\"wrap_float\">\r\n\t\t\t\t\t\t<h2 class=\"title\">Para quien trabajamos<\/h2>\r\n\r\n\t\t\t\t\t\t<div class=\"section_content\">\r\n\t\t\t\t\t\t\t<div class=\"item \">\r\n\t\t\t\t<div class=\"item-logo\"><img decoding=\"async\" src=\"https:\/\/burzoncomenge.com\/wp-content\/uploads\/2020\/05\/Gene.jpg\" alt=\"Burzon*Comenge\"><\/div>\r\n\t\t\t\t<div class=\"item-info\">\r\n\t\t\t\t\t<div class=\"num\">\r\n\t\t\t\t\t\t\r\n\t\t\t\t\t<\/div>\r\n\t\t\t\t\t<p class=\"text\"><\/p>\r\n\t\t\t\t<\/div>\r\n\t\t\t<\/div><div class=\"item \">\r\n\t\t\t\t<div class=\"item-logo\"><img decoding=\"async\" src=\"https:\/\/burzoncomenge.com\/wp-content\/uploads\/2020\/05\/Aj_BArcelona_2.jpg\" alt=\"Burzon*Comenge\"><\/div>\r\n\t\t\t\t<div class=\"item-info\">\r\n\t\t\t\t\t<div class=\"num\">\r\n\t\t\t\t\t\t\r\n\t\t\t\t\t<\/div>\r\n\t\t\t\t\t<p class=\"text\"><\/p>\r\n\t\t\t\t<\/div>\r\n\t\t\t<\/div><div class=\"item \">\r\n\t\t\t\t<div class=\"item-logo\"><img decoding=\"async\" src=\"https:\/\/burzoncomenge.com\/wp-content\/uploads\/2020\/05\/Bisbat_urgell3.jpg\" alt=\"Burzon*Comenge\"><\/div>\r\n\t\t\t\t<div class=\"item-info\">\r\n\t\t\t\t\t<div class=\"num\">\r\n\t\t\t\t\t\t\r\n\t\t\t\t\t<\/div>\r\n\t\t\t\t\t<p class=\"text\"><\/p>\r\n\t\t\t\t<\/div>\r\n\t\t\t<\/div><div class=\"item \">\r\n\t\t\t\t<div class=\"item-logo\"><img decoding=\"async\" src=\"https:\/\/burzoncomenge.com\/wp-content\/uploads\/2020\/05\/Centre_romanic2.jpg\" alt=\"Burzon*Comenge\"><\/div>\r\n\t\t\t\t<div class=\"item-info\">\r\n\t\t\t\t\t<div class=\"num\">\r\n\t\t\t\t\t\t\r\n\t\t\t\t\t<\/div>\r\n\t\t\t\t\t<p class=\"text\"><\/p>\r\n\t\t\t\t<\/div>\r\n\t\t\t<\/div><div class=\"item \">\r\n\t\t\t\t<div class=\"item-logo\"><img decoding=\"async\" src=\"https:\/\/burzoncomenge.com\/wp-content\/uploads\/2020\/05\/diputacio.jpg\" alt=\"Burzon*Comenge\"><\/div>\r\n\t\t\t\t<div class=\"item-info\">\r\n\t\t\t\t\t<div class=\"num\">\r\n\t\t\t\t\t\t\r\n\t\t\t\t\t<\/div>\r\n\t\t\t\t\t<p class=\"text\"><\/p>\r\n\t\t\t\t<\/div>\r\n\t\t\t<\/div><div class=\"item \">\r\n\t\t\t\t<div class=\"item-logo\"><img decoding=\"async\" src=\"https:\/\/burzoncomenge.com\/wp-content\/uploads\/2020\/05\/andorra.jpg\" alt=\"Burzon*Comenge\"><\/div>\r\n\t\t\t\t<div class=\"item-info\">\r\n\t\t\t\t\t<div class=\"num\">\r\n\t\t\t\t\t\t\r\n\t\t\t\t\t<\/div>\r\n\t\t\t\t\t<p class=\"text\"><\/p>\r\n\t\t\t\t<\/div>\r\n\t\t\t<\/div><div class=\"item \">\r\n\t\t\t\t<div class=\"item-logo\"><img decoding=\"async\" src=\"https:\/\/burzoncomenge.com\/wp-content\/uploads\/2020\/05\/monestir.jpg\" alt=\"Burzon*Comenge\"><\/div>\r\n\t\t\t\t<div class=\"item-info\">\r\n\t\t\t\t\t<div class=\"num\">\r\n\t\t\t\t\t\t\r\n\t\t\t\t\t<\/div>\r\n\t\t\t\t\t<p class=\"text\"><\/p>\r\n\t\t\t\t<\/div>\r\n\t\t\t<\/div><div class=\"item \">\r\n\t\t\t\t<div class=\"item-logo\"><img decoding=\"async\" src=\"https:\/\/burzoncomenge.com\/wp-content\/uploads\/2020\/05\/lacaixa2.jpg\" alt=\"Burzon*Comenge\"><\/div>\r\n\t\t\t\t<div class=\"item-info\">\r\n\t\t\t\t\t<div class=\"num\">\r\n\t\t\t\t\t\t\r\n\t\t\t\t\t<\/div>\r\n\t\t\t\t\t<p class=\"text\"><\/p>\r\n\t\t\t\t<\/div>\r\n\t\t\t<\/div><div class=\"item \">\r\n\t\t\t\t<div class=\"item-logo\"><img decoding=\"async\" src=\"https:\/\/burzoncomenge.com\/wp-content\/uploads\/2020\/05\/museu_arqueologia-1.jpg\" alt=\"Burzon*Comenge\"><\/div>\r\n\t\t\t\t<div class=\"item-info\">\r\n\t\t\t\t\t<div class=\"num\">\r\n\t\t\t\t\t\t\r\n\t\t\t\t\t<\/div>\r\n\t\t\t\t\t<p class=\"text\"><\/p>\r\n\t\t\t\t<\/div>\r\n\t\t\t<\/div><div class=\"item \">\r\n\t\t\t\t<div class=\"item-logo\"><img decoding=\"async\" src=\"https:\/\/burzoncomenge.com\/wp-content\/uploads\/2020\/05\/Museu_girona-1.jpg\" alt=\"Burzon*Comenge\"><\/div>\r\n\t\t\t\t<div class=\"item-info\">\r\n\t\t\t\t\t<div class=\"num\">\r\n\t\t\t\t\t\t\r\n\t\t\t\t\t<\/div>\r\n\t\t\t\t\t<p class=\"text\"><\/p>\r\n\t\t\t\t<\/div>\r\n\t\t\t<\/div><div class=\"item \">\r\n\t\t\t\t<div class=\"item-logo\"><img decoding=\"async\" src=\"https:\/\/burzoncomenge.com\/wp-content\/uploads\/2020\/05\/Museu_diocesa.jpg\" alt=\"Burzon*Comenge\"><\/div>\r\n\t\t\t\t<div class=\"item-info\">\r\n\t\t\t\t\t<div class=\"num\">\r\n\t\t\t\t\t\t\r\n\t\t\t\t\t<\/div>\r\n\t\t\t\t\t<p class=\"text\"><\/p>\r\n\t\t\t\t<\/div>\r\n\t\t\t<\/div><div class=\"item \">\r\n\t\t\t\t<div class=\"item-logo\"><img decoding=\"async\" src=\"https:\/\/burzoncomenge.com\/wp-content\/uploads\/2022\/11\/MNAC_Logo_NEG_ok-1.jpg\" alt=\"Burzon*Comenge\"><\/div>\r\n\t\t\t\t<div class=\"item-info\">\r\n\t\t\t\t\t<div class=\"num\">\r\n\t\t\t\t\t\t\r\n\t\t\t\t\t<\/div>\r\n\t\t\t\t\t<p class=\"text\"><\/p>\r\n\t\t\t\t<\/div>\r\n\t\t\t<\/div><div class=\"item \">\r\n\t\t\t\t<div class=\"item-logo\"><img decoding=\"async\" src=\"https:\/\/burzoncomenge.com\/wp-content\/uploads\/2020\/05\/Palau_guell-1.jpg\" alt=\"Burzon*Comenge\"><\/div>\r\n\t\t\t\t<div class=\"item-info\">\r\n\t\t\t\t\t<div class=\"num\">\r\n\t\t\t\t\t\t\r\n\t\t\t\t\t<\/div>\r\n\t\t\t\t\t<p class=\"text\"><\/p>\r\n\t\t\t\t<\/div>\r\n\t\t\t<\/div><div class=\"item \">\r\n\t\t\t\t<div class=\"item-logo\"><img decoding=\"async\" src=\"https:\/\/burzoncomenge.com\/wp-content\/uploads\/2022\/11\/CRBMC_Burzon_Comenge.jpg\" alt=\"Burzon*Comenge\"><\/div>\r\n\t\t\t\t<div class=\"item-info\">\r\n\t\t\t\t\t<div class=\"num\">\r\n\t\t\t\t\t\t\r\n\t\t\t\t\t<\/div>\r\n\t\t\t\t\t<p class=\"text\"><\/p>\r\n\t\t\t\t<\/div>\r\n\t\t\t<\/div><div class=\"item \">\r\n\t\t\t\t<div class=\"item-logo\"><img decoding=\"async\" src=\"https:\/\/burzoncomenge.com\/wp-content\/uploads\/2022\/11\/IdealCAD_Burzon_Comenge.png\" alt=\"Burzon*Comenge\"><\/div>\r\n\t\t\t\t<div class=\"item-info\">\r\n\t\t\t\t\t<div class=\"num\">\r\n\t\t\t\t\t\t\r\n\t\t\t\t\t<\/div>\r\n\t\t\t\t\t<p class=\"text\"><\/p>\r\n\t\t\t\t<\/div>\r\n\t\t\t<\/div><div class=\"item \">\r\n\t\t\t\t<div class=\"item-logo\"><img decoding=\"async\" src=\"https:\/\/burzoncomenge.com\/wp-content\/uploads\/2022\/11\/lemeridien_ra-1.jpeg\" alt=\"Burzon*Comenge\"><\/div>\r\n\t\t\t\t<div class=\"item-info\">\r\n\t\t\t\t\t<div class=\"num\">\r\n\t\t\t\t\t\t\r\n\t\t\t\t\t<\/div>\r\n\t\t\t\t\t<p class=\"text\"><\/p>\r\n\t\t\t\t<\/div>\r\n\t\t\t<\/div><div class=\"item \">\r\n\t\t\t\t<div class=\"item-logo\"><img decoding=\"async\" src=\"https:\/\/burzoncomenge.com\/wp-content\/uploads\/2022\/11\/MEV_burzon_comenge.png\" alt=\"Burzon*Comenge\"><\/div>\r\n\t\t\t\t<div class=\"item-info\">\r\n\t\t\t\t\t<div class=\"num\">\r\n\t\t\t\t\t\t\r\n\t\t\t\t\t<\/div>\r\n\t\t\t\t\t<p class=\"text\"><\/p>\r\n\t\t\t\t<\/div>\r\n\t\t\t<\/div><div class=\"item \">\r\n\t\t\t\t<div class=\"item-logo\"><img decoding=\"async\" src=\"https:\/\/burzoncomenge.com\/wp-content\/uploads\/2022\/11\/museu-diocesa_Burzon_Comenge-1.jpg\" alt=\"Burzon*Comenge\"><\/div>\r\n\t\t\t\t<div class=\"item-info\">\r\n\t\t\t\t\t<div class=\"num\">\r\n\t\t\t\t\t\t\r\n\t\t\t\t\t<\/div>\r\n\t\t\t\t\t<p class=\"text\"><\/p>\r\n\t\t\t\t<\/div>\r\n\t\t\t<\/div><div class=\"item \">\r\n\t\t\t\t<div class=\"item-logo\"><img decoding=\"async\" src=\"https:\/\/burzoncomenge.com\/wp-content\/uploads\/2022\/11\/Museu_Solsona_Burzon_Comenge-1-scaled.jpeg\" alt=\"Burzon*Comenge\"><\/div>\r\n\t\t\t\t<div class=\"item-info\">\r\n\t\t\t\t\t<div class=\"num\">\r\n\t\t\t\t\t\t\r\n\t\t\t\t\t<\/div>\r\n\t\t\t\t\t<p class=\"text\"><\/p>\r\n\t\t\t\t<\/div>\r\n\t\t\t<\/div>\r\n\t\t\t\t\t\t<\/div><\/div>\r\n\t\t\t\t<\/div>\r\n\t\t\t<\/section>\r\n\t\t\t\t\t\t[\/vc_column][\/vc_row]<\/p>\n<\/div>","protected":false},"excerpt":{"rendered":"<p>[vc_row][vc_column][\/vc_column][\/vc_row][vc_row][vc_column][\/vc_column][\/vc_row][vc_row background_color=&#8221;#f4f4f4&#8243;][vc_column css=&#8221;.vc_custom_1588499728559{background-color: #f4f4f4 !important;}&#8221;][\/vc_column][\/vc_row][vc_row][vc_column css=&#8221;.vc_custom_1588499685294{background-color: #ffffff !important;}&#8221;][\/vc_column][\/vc_row]<\/p>\n","protected":false},"author":2,"featured_media":0,"parent":0,"menu_order":0,"comment_status":"closed","ping_status":"closed","template":"page-fullwidth.php","meta":{"footnotes":""},"class_list":["post-76015","page","type-page","status-publish","hentry"],"yoast_head":"<!-- This site is optimized with the Yoast SEO plugin v27.2 - https:\/\/yoast.com\/product\/yoast-seo-wordpress\/ -->\n<title>Estudio creativo de innovaci\u00f3n digital en Barcelona | Burzon<\/title>\n<meta name=\"description\" content=\"Equipo multidisciplinar experto en narrativa digital, arte y tecnolog\u00eda. Proyectos culturales y audiovisuales creados con rigor y creatividad. Con\u00f3cenos\" \/>\n<meta name=\"robots\" content=\"index, follow, max-snippet:-1, max-image-preview:large, max-video-preview:-1\" \/>\n<link rel=\"canonical\" href=\"https:\/\/burzoncomenge.com\/es\/about-us\/\" \/>\n<meta property=\"og:locale\" content=\"es_ES\" \/>\n<meta property=\"og:type\" content=\"article\" \/>\n<meta property=\"og:title\" content=\"Estudio creativo de innovaci\u00f3n digital en Barcelona | Burzon\" \/>\n<meta property=\"og:description\" content=\"Equipo multidisciplinar experto en narrativa digital, arte y tecnolog\u00eda. Proyectos culturales y audiovisuales creados con rigor y creatividad. Con\u00f3cenos\" \/>\n<meta property=\"og:url\" content=\"https:\/\/burzoncomenge.com\/es\/about-us\/\" \/>\n<meta property=\"og:site_name\" content=\"Burzon*Comenge\" \/>\n<meta property=\"article:modified_time\" content=\"2026-02-04T11:37:35+00:00\" \/>\n<meta name=\"twitter:card\" content=\"summary_large_image\" \/>\n<meta name=\"twitter:label1\" content=\"Tiempo de lectura\" \/>\n\t<meta name=\"twitter:data1\" content=\"6 minutos\" \/>\n<script type=\"application\/ld+json\" class=\"yoast-schema-graph\">{\"@context\":\"https:\/\/schema.org\",\"@graph\":[{\"@type\":\"WebPage\",\"@id\":\"https:\/\/burzoncomenge.com\/es\/about-us\/\",\"url\":\"https:\/\/burzoncomenge.com\/es\/about-us\/\",\"name\":\"Estudio creativo de innovaci\u00f3n digital en Barcelona | Burzon\",\"isPartOf\":{\"@id\":\"https:\/\/burzoncomenge.com\/ca\/#website\"},\"datePublished\":\"2021-09-03T13:29:16+00:00\",\"dateModified\":\"2026-02-04T11:37:35+00:00\",\"description\":\"Equipo multidisciplinar experto en narrativa digital, arte y tecnolog\u00eda. Proyectos culturales y audiovisuales creados con rigor y creatividad. Con\u00f3cenos\",\"breadcrumb\":{\"@id\":\"https:\/\/burzoncomenge.com\/es\/about-us\/#breadcrumb\"},\"inLanguage\":\"es\",\"potentialAction\":[{\"@type\":\"ReadAction\",\"target\":[\"https:\/\/burzoncomenge.com\/es\/about-us\/\"]}]},{\"@type\":\"BreadcrumbList\",\"@id\":\"https:\/\/burzoncomenge.com\/es\/about-us\/#breadcrumb\",\"itemListElement\":[{\"@type\":\"ListItem\",\"position\":1,\"name\":\"Home\",\"item\":\"https:\/\/burzoncomenge.com\/es\/\"},{\"@type\":\"ListItem\",\"position\":2,\"name\":\"Quienes somos\"}]},{\"@type\":\"WebSite\",\"@id\":\"https:\/\/burzoncomenge.com\/ca\/#website\",\"url\":\"https:\/\/burzoncomenge.com\/ca\/\",\"name\":\"Burzon*Comenge\",\"description\":\"Creative Studio\",\"publisher\":{\"@id\":\"https:\/\/burzoncomenge.com\/ca\/#organization\"},\"potentialAction\":[{\"@type\":\"SearchAction\",\"target\":{\"@type\":\"EntryPoint\",\"urlTemplate\":\"https:\/\/burzoncomenge.com\/ca\/?s={search_term_string}\"},\"query-input\":{\"@type\":\"PropertyValueSpecification\",\"valueRequired\":true,\"valueName\":\"search_term_string\"}}],\"inLanguage\":\"es\"},{\"@type\":\"Organization\",\"@id\":\"https:\/\/burzoncomenge.com\/ca\/#organization\",\"name\":\"Burzon*Comenge\",\"url\":\"https:\/\/burzoncomenge.com\/ca\/\",\"logo\":{\"@type\":\"ImageObject\",\"inLanguage\":\"es\",\"@id\":\"https:\/\/burzoncomenge.com\/ca\/#\/schema\/logo\/image\/\",\"url\":\"https:\/\/burzoncomenge.com\/wp-content\/uploads\/2020\/04\/Logo_bc.png\",\"contentUrl\":\"https:\/\/burzoncomenge.com\/wp-content\/uploads\/2020\/04\/Logo_bc.png\",\"width\":983,\"height\":185,\"caption\":\"Burzon*Comenge\"},\"image\":{\"@id\":\"https:\/\/burzoncomenge.com\/ca\/#\/schema\/logo\/image\/\"}}]}<\/script>\n<!-- \/ Yoast SEO plugin. -->","yoast_head_json":{"title":"Estudio creativo de innovaci\u00f3n digital en Barcelona | Burzon","description":"Equipo multidisciplinar experto en narrativa digital, arte y tecnolog\u00eda. Proyectos culturales y audiovisuales creados con rigor y creatividad. Con\u00f3cenos","robots":{"index":"index","follow":"follow","max-snippet":"max-snippet:-1","max-image-preview":"max-image-preview:large","max-video-preview":"max-video-preview:-1"},"canonical":"https:\/\/burzoncomenge.com\/es\/about-us\/","og_locale":"es_ES","og_type":"article","og_title":"Estudio creativo de innovaci\u00f3n digital en Barcelona | Burzon","og_description":"Equipo multidisciplinar experto en narrativa digital, arte y tecnolog\u00eda. Proyectos culturales y audiovisuales creados con rigor y creatividad. Con\u00f3cenos","og_url":"https:\/\/burzoncomenge.com\/es\/about-us\/","og_site_name":"Burzon*Comenge","article_modified_time":"2026-02-04T11:37:35+00:00","twitter_card":"summary_large_image","twitter_misc":{"Tiempo de lectura":"6 minutos"},"schema":{"@context":"https:\/\/schema.org","@graph":[{"@type":"WebPage","@id":"https:\/\/burzoncomenge.com\/es\/about-us\/","url":"https:\/\/burzoncomenge.com\/es\/about-us\/","name":"Estudio creativo de innovaci\u00f3n digital en Barcelona | Burzon","isPartOf":{"@id":"https:\/\/burzoncomenge.com\/ca\/#website"},"datePublished":"2021-09-03T13:29:16+00:00","dateModified":"2026-02-04T11:37:35+00:00","description":"Equipo multidisciplinar experto en narrativa digital, arte y tecnolog\u00eda. Proyectos culturales y audiovisuales creados con rigor y creatividad. Con\u00f3cenos","breadcrumb":{"@id":"https:\/\/burzoncomenge.com\/es\/about-us\/#breadcrumb"},"inLanguage":"es","potentialAction":[{"@type":"ReadAction","target":["https:\/\/burzoncomenge.com\/es\/about-us\/"]}]},{"@type":"BreadcrumbList","@id":"https:\/\/burzoncomenge.com\/es\/about-us\/#breadcrumb","itemListElement":[{"@type":"ListItem","position":1,"name":"Home","item":"https:\/\/burzoncomenge.com\/es\/"},{"@type":"ListItem","position":2,"name":"Quienes somos"}]},{"@type":"WebSite","@id":"https:\/\/burzoncomenge.com\/ca\/#website","url":"https:\/\/burzoncomenge.com\/ca\/","name":"Burzon*Comenge","description":"Creative Studio","publisher":{"@id":"https:\/\/burzoncomenge.com\/ca\/#organization"},"potentialAction":[{"@type":"SearchAction","target":{"@type":"EntryPoint","urlTemplate":"https:\/\/burzoncomenge.com\/ca\/?s={search_term_string}"},"query-input":{"@type":"PropertyValueSpecification","valueRequired":true,"valueName":"search_term_string"}}],"inLanguage":"es"},{"@type":"Organization","@id":"https:\/\/burzoncomenge.com\/ca\/#organization","name":"Burzon*Comenge","url":"https:\/\/burzoncomenge.com\/ca\/","logo":{"@type":"ImageObject","inLanguage":"es","@id":"https:\/\/burzoncomenge.com\/ca\/#\/schema\/logo\/image\/","url":"https:\/\/burzoncomenge.com\/wp-content\/uploads\/2020\/04\/Logo_bc.png","contentUrl":"https:\/\/burzoncomenge.com\/wp-content\/uploads\/2020\/04\/Logo_bc.png","width":983,"height":185,"caption":"Burzon*Comenge"},"image":{"@id":"https:\/\/burzoncomenge.com\/ca\/#\/schema\/logo\/image\/"}}]}},"_links":{"self":[{"href":"https:\/\/burzoncomenge.com\/es\/wp-json\/wp\/v2\/pages\/76015","targetHints":{"allow":["GET"]}}],"collection":[{"href":"https:\/\/burzoncomenge.com\/es\/wp-json\/wp\/v2\/pages"}],"about":[{"href":"https:\/\/burzoncomenge.com\/es\/wp-json\/wp\/v2\/types\/page"}],"author":[{"embeddable":true,"href":"https:\/\/burzoncomenge.com\/es\/wp-json\/wp\/v2\/users\/2"}],"replies":[{"embeddable":true,"href":"https:\/\/burzoncomenge.com\/es\/wp-json\/wp\/v2\/comments?post=76015"}],"version-history":[{"count":92,"href":"https:\/\/burzoncomenge.com\/es\/wp-json\/wp\/v2\/pages\/76015\/revisions"}],"predecessor-version":[{"id":78058,"href":"https:\/\/burzoncomenge.com\/es\/wp-json\/wp\/v2\/pages\/76015\/revisions\/78058"}],"wp:attachment":[{"href":"https:\/\/burzoncomenge.com\/es\/wp-json\/wp\/v2\/media?parent=76015"}],"curies":[{"name":"wp","href":"https:\/\/api.w.org\/{rel}","templated":true}]}}