{"id":75962,"date":"2021-08-29T11:29:02","date_gmt":"2021-08-29T11:29:02","guid":{"rendered":"https:\/\/burzoncomenge.com\/servicios\/"},"modified":"2026-02-09T12:35:32","modified_gmt":"2026-02-09T12:35:32","slug":"services","status":"publish","type":"page","link":"https:\/\/burzoncomenge.com\/es\/services\/","title":{"rendered":"Servicios"},"content":{"rendered":"<div class=\"wpb-content-wrapper\"><p>[vc_row][vc_column]<div class=\"left-socials black\">\t<a class=\"instagram\" href=\"https:\/\/www.instagram.com\/burzon_comenge\/\"><\/a>\t<a class=\"twitter\" href=\"https:\/\/twitter.com\/burzon_comenge\"><\/a>\t<a class=\"behance\" href=\"https:\/\/www.behance.net\/BurzonComenge\"><\/a><\/div>\n\n\t\t\t<header class=\"page--head pagebanner Y2IQFc\" style=\"background-image: url(); background-color: ; margin-bottom: \">\n\t\t\t\t<div class=\"wrap\">\n\t\t\t\t\t<div class=\"wrap_float\">\n\t\t\t\t\t\t<h1 class=\"title\" style=\"max-width: 505px;\">Servicios digitales para crear experiencias inmersivas y culturales<\/h1><\/div>\n\t\t\t\t<\/div>\n\t\t\t<\/header>[\/vc_column][\/vc_row][vc_row full_height=&#8221;yes&#8221; background_color=&#8221;#f4f4f4&#8243; css=&#8221;.vc_custom_1596184791324{margin-left: 0px !important;background-color: #f4f4f4 !important;}&#8221;][vc_column]<div class=\"info-block \"><div class=\"wrap\">\r\n\t\t\t\t\t<div class=\"wrap_float\">\r\n\t\t\t\t\t\t<p><b>Nos ponemos en la piel del usuario.<\/b> Nos centramos en todo lo que experimenta, en las intuiciones y las emociones. Comunicamos los contenidos de nuestro stakeholder creando engagement y superando las expectativas del usuario. Dise\u00f1amos experiencias emocionales poniendo la tecnolog\u00eda al servicio de la estrategia de contenidos.<\/p><a class=\"link\" href=\"https:\/\/burzoncomenge.com\/showcase\/\"><span><span class=\"link-text\">Ver proyectos<\/span><\/span><\/a>\r\n\t\t\t\t\t<\/div>\r\n\t\t\t\t<\/div>\r\n\t\t\t<\/div>[vc_single_image image=&#8221;76007&#8243; img_size=&#8221;large&#8221; alignment=&#8221;center&#8221; css=&#8221;.vc_custom_1630260303129{background-color: #f4f4f4 !important;}&#8221;][vc_empty_space height=&#8221;150px&#8221;][\/vc_column][\/vc_row][vc_row el_class=&#8221;bc-row-flex&#8221;][vc_column width=&#8221;1\/2&#8243; css=&#8221;.vc_custom_1596184564748{padding-top: 0px !important;}&#8221;][vc_single_image image=&#8221;74725&#8243; img_size=&#8221;full&#8221; css=&#8221;.vc_custom_1596118486677{margin-bottom: 0px !important;}&#8221;][\/vc_column][vc_column width=&#8221;1\/2&#8243; el_class=&#8221;bc-col-centered&#8221;][vc_column_text]<\/p>\n<h2 class=\"h1-style\"><span style=\"color: #000000;\">Restituci\u00f3n virtual y recreaci\u00f3n 3D de patrimonio cultural<\/span><\/h2>\n<p>[\/vc_column_text][vc_column_text]<\/p>\n<p id=\"tw-target-text\" class=\"tw-data-text tw-text-large XcVN5d tw-ta\" dir=\"ltr\" data-placeholder=\"Traducci\u00f3\"><span class=\"Y2IQFc\" lang=\"es\">Restauramos y restituimos digitalmente pintura, escultura y arquitectura, utilizando t\u00e9cnicas 2D y 3D.<\/span><\/p>\n<p>[\/vc_column_text][vc_column_text el_class=&#8221;bc-link&#8221;]<a href=\"https:\/\/burzoncomenge.com\/es\/gallery\/taull-1123\/\">Ver proyecto<\/a>[\/vc_column_text][\/vc_column][\/vc_row][vc_row el_class=&#8221;bc-row-flex&#8221;][vc_column width=&#8221;1\/2&#8243; el_class=&#8221;bc-col-centered&#8221;][vc_column_text]<\/p>\n<h2 class=\"h1-style\"><span style=\"color: #000000;\">Nuevas narrativas digitales y estrategia de contenidos<\/span><\/h2>\n<p>[\/vc_column_text][vc_column_text]<\/p>\n<div id=\"tw-container\" class=\"YQaNob\" data-cp=\"1\" data-is-ver=\"false\" data-nnttsvi=\"1\" data-sm=\"1\" data-sugg-time=\"500\" data-sugg-url=\"https:\/\/clients1.google.com\/complete\/search\" data-uilc=\"ca\">\n<div id=\"tw-ob\" class=\"tw-src-ltr\">\n<div class=\"oSioSc\">\n<div id=\"tw-target\">\n<div id=\"kAz1tf\" class=\"g9WsWb\">\n<div id=\"tw-target-text-container\" class=\"tw-ta-container F0azHf tw-nfl\" tabindex=\"0\">\n<p id=\"tw-target-text\" class=\"tw-data-text tw-text-large XcVN5d tw-ta\" dir=\"ltr\" data-placeholder=\"Traducci\u00f3\"><span class=\"Y2IQFc\" lang=\"es\">Exploramos nuevos caminos y estrategias de transformaci\u00f3n digital para museos, instituciones culturales y empresas aportando un punto de vista creativo y soluciones tecnol\u00f3gicas exitosas.<\/span><\/p>\n<\/div>\n<\/div>\n<\/div>\n<\/div>\n<\/div>\n<\/div>\n<p>[\/vc_column_text][vc_column_text el_class=&#8221;bc-link&#8221;]<a href=\"https:\/\/burzoncomenge.com\/es\/gallery\/sijena\/\">M\u00e1s info<\/a>[\/vc_column_text][\/vc_column][vc_column width=&#8221;1\/2&#8243;][vc_single_image image=&#8221;77721&#8243; img_size=&#8221;full&#8221; css=&#8221;.vc_custom_1742552802254{margin-bottom: 0px !important;}&#8221;][\/vc_column][\/vc_row][vc_row el_class=&#8221;bc-row-flex&#8221;][vc_column width=&#8221;1\/2&#8243;][vc_single_image image=&#8221;74732&#8243; img_size=&#8221;full&#8221; css=&#8221;.vc_custom_1596182134843{margin-bottom: 0px !important;}&#8221;][\/vc_column][vc_column width=&#8221;1\/2&#8243; el_class=&#8221;bc-col-centered&#8221;][vc_column_text]<\/p>\n<h2 class=\"h1-style\"><span style=\"color: #000000;\">Tecnolog\u00eda audiovisual y desarrollo de contenidos digitales<\/span><\/h2>\n<p>[\/vc_column_text][vc_column_text]<\/p>\n<p id=\"tw-target-text\" class=\"tw-data-text tw-text-large XcVN5d tw-ta\" dir=\"ltr\" data-placeholder=\"Traducci\u00f3\"><span class=\"Y2IQFc\" lang=\"es\">La tecnolog\u00eda nunca debe ir por delante de los contenidos sino que se los debe hacer de altavoz y realzarlos. Realidad virtual, mapping, apps, realidad aumentada, serious game&#8230;<\/span><\/p>\n<p>[\/vc_column_text][vc_column_text el_class=&#8221;bc-link&#8221;]<a href=\"https:\/\/burzoncomenge.com\/gallery\/rere-murs-monestir\/\">Ver proyecto<\/a>[\/vc_column_text][\/vc_column][\/vc_row][vc_row el_class=&#8221;bc-row-flex&#8221;][vc_column width=&#8221;1\/2&#8243; el_class=&#8221;bc-col-centered&#8221;][vc_column_text]<\/p>\n<h2 class=\"h1-style\"><span style=\"color: #000000;\">Fotogrametr\u00eda y tours virtuales de alta precisi\u00f3n<\/span><\/h2>\n<p>[\/vc_column_text][vc_column_text]<\/p>\n<p id=\"tw-target-text\" class=\"tw-data-text tw-text-large XcVN5d tw-ta\" dir=\"ltr\" data-placeholder=\"Traducci\u00f3\"><span class=\"Y2IQFc\" lang=\"es\">Documentamos objetos y espacios con 3D de gran precisi\u00f3n. En digitalizamos las formas y los materiales a trav\u00e9s de escaneo y fotograf\u00edas.<\/span><\/p>\n<p>[\/vc_column_text][vc_column_text el_class=&#8221;bc-link&#8221;]<a href=\"https:\/\/burzoncomenge.com\/gallery\/palau-moja-barcelona-virtual-tour\/\">Ver proyecto<\/a>[\/vc_column_text][\/vc_column][vc_column width=&#8221;1\/2&#8243;][vc_single_image image=&#8221;74736&#8243; img_size=&#8221;full&#8221; css=&#8221;.vc_custom_1596182120139{margin-bottom: 0px !important;}&#8221;][\/vc_column][\/vc_row][vc_row el_class=&#8221;bc-row-flex&#8221;][vc_column width=&#8221;1\/2&#8243;][vc_single_image image=&#8221;77498&#8243; img_size=&#8221;full&#8221; css=&#8221;.vc_custom_1742553556228{margin-bottom: 0px !important;}&#8221;][\/vc_column][vc_column width=&#8221;1\/2&#8243; el_class=&#8221;bc-col-centered&#8221;][vc_column_text]<\/p>\n<h2 class=\"h1-style\"><span style=\"color: #000000;\">Dise\u00f1o, identidad visual y campa\u00f1as creativas<\/span><\/h2>\n<p>[\/vc_column_text][vc_column_text]<\/p>\n<div id=\"tw-container\" class=\"YQaNob\" data-cp=\"1\" data-is-ver=\"false\" data-nnttsvi=\"1\" data-sm=\"1\" data-sugg-time=\"500\" data-sugg-url=\"https:\/\/clients1.google.com\/complete\/search\" data-uilc=\"ca\">\n<div id=\"tw-ob\" class=\"tw-src-ltr\">\n<div class=\"oSioSc\">\n<div id=\"tw-target\">\n<div id=\"kAz1tf\" class=\"g9WsWb\">\n<div id=\"tw-target-text-container\" class=\"tw-ta-container F0azHf tw-nfl\" tabindex=\"0\">\n<p id=\"tw-target-text\" class=\"tw-data-text tw-text-large XcVN5d tw-ta\" dir=\"ltr\" data-placeholder=\"Traducci\u00f3\"><span class=\"Y2IQFc\" lang=\"es\">Dise\u00f1amos identidades y campa\u00f1as que posicionan las marcas en clave estrat\u00e9gica dentro en el mercado. Creemos en el dise\u00f1o como herramienta de cambio.<\/span><\/p>\n<\/div>\n<\/div>\n<\/div>\n<\/div>\n<\/div>\n<div><\/div>\n<\/div>\n<p>[\/vc_column_text][vc_column_text el_class=&#8221;bc-link&#8221;]<a href=\"https:\/\/burzoncomenge.com\/gallery\/jornada-de-patrimoni-cultural\/\">Ver proyecto<\/a>[\/vc_column_text][\/vc_column][\/vc_row]<\/p>\n<\/div>","protected":false},"excerpt":{"rendered":"<p>[vc_row][vc_column][\/vc_column][\/vc_row][vc_row full_height=&#8221;yes&#8221; background_color=&#8221;#f4f4f4&#8243; css=&#8221;.vc_custom_1596184791324{margin-left: 0px !important;background-color: #f4f4f4 !important;}&#8221;][vc_column][vc_single_image image=&#8221;76007&#8243; img_size=&#8221;large&#8221; alignment=&#8221;center&#8221; css=&#8221;.vc_custom_1630260303129{background-color: #f4f4f4 !important;}&#8221;][vc_empty_space height=&#8221;150px&#8221;][\/vc_column][\/vc_row][vc_row el_class=&#8221;bc-row-flex&#8221;][vc_column width=&#8221;1\/2&#8243; css=&#8221;.vc_custom_1596184564748{padding-top: 0px !important;}&#8221;][vc_single_image image=&#8221;74725&#8243; img_size=&#8221;full&#8221; css=&#8221;.vc_custom_1596118486677{margin-bottom: 0px !important;}&#8221;][\/vc_column][vc_column width=&#8221;1\/2&#8243; el_class=&#8221;bc-col-centered&#8221;][vc_column_text] Restituci\u00f3n virtual y recreaci\u00f3n 3D de patrimonio cultural [\/vc_column_text][vc_column_text] Restauramos y restituimos digitalmente pintura, escultura y arquitectura, utilizando t\u00e9cnicas 2D y 3D. [\/vc_column_text][vc_column_text el_class=&#8221;bc-link&#8221;]Ver proyecto[\/vc_column_text][\/vc_column][\/vc_row][vc_row el_class=&#8221;bc-row-flex&#8221;][vc_column width=&#8221;1\/2&#8243; el_class=&#8221;bc-col-centered&#8221;][vc_column_text]<\/p>\n<p class=\"link-more\"><a href=\"https:\/\/burzoncomenge.com\/es\/services\/\" class=\"more-link\">Read More<\/a><\/p>\n","protected":false},"author":2,"featured_media":0,"parent":0,"menu_order":0,"comment_status":"closed","ping_status":"closed","template":"page-fullwidth.php","meta":{"footnotes":""},"class_list":["post-75962","page","type-page","status-publish","hentry"],"yoast_head":"<!-- This site is optimized with the Yoast SEO plugin v27.4 - https:\/\/yoast.com\/product\/yoast-seo-wordpress\/ -->\n<title>Soluciones digitales inmersivas\u00a0| Burzon Comenge<\/title>\n<meta name=\"description\" content=\"Experiencias inmersivas con VR\/AR, fotogrametr\u00eda, reconstrucciones 3D y audiovisual. Tecnolog\u00eda, creatividad e IA al servicio de la cultura y las marcas.\" \/>\n<meta name=\"robots\" content=\"index, follow, max-snippet:-1, max-image-preview:large, max-video-preview:-1\" \/>\n<link rel=\"canonical\" href=\"https:\/\/burzoncomenge.com\/es\/services\/\" \/>\n<meta property=\"og:locale\" content=\"es_ES\" \/>\n<meta property=\"og:type\" content=\"article\" \/>\n<meta property=\"og:title\" content=\"Soluciones digitales inmersivas\u00a0| Burzon Comenge\" \/>\n<meta property=\"og:description\" content=\"Experiencias inmersivas con VR\/AR, fotogrametr\u00eda, reconstrucciones 3D y audiovisual. Tecnolog\u00eda, creatividad e IA al servicio de la cultura y las marcas.\" \/>\n<meta property=\"og:url\" content=\"https:\/\/burzoncomenge.com\/es\/services\/\" \/>\n<meta property=\"og:site_name\" content=\"Burzon*Comenge\" \/>\n<meta property=\"article:modified_time\" content=\"2026-02-09T12:35:32+00:00\" \/>\n<meta name=\"twitter:card\" content=\"summary_large_image\" \/>\n<meta name=\"twitter:label1\" content=\"Tiempo de lectura\" \/>\n\t<meta name=\"twitter:data1\" content=\"2 minutos\" \/>\n<script type=\"application\/ld+json\" class=\"yoast-schema-graph\">{\"@context\":\"https:\\\/\\\/schema.org\",\"@graph\":[{\"@type\":\"WebPage\",\"@id\":\"https:\\\/\\\/burzoncomenge.com\\\/es\\\/services\\\/\",\"url\":\"https:\\\/\\\/burzoncomenge.com\\\/es\\\/services\\\/\",\"name\":\"Soluciones digitales inmersivas\u00a0| Burzon Comenge\",\"isPartOf\":{\"@id\":\"https:\\\/\\\/burzoncomenge.com\\\/ca\\\/#website\"},\"datePublished\":\"2021-08-29T11:29:02+00:00\",\"dateModified\":\"2026-02-09T12:35:32+00:00\",\"description\":\"Experiencias inmersivas con VR\\\/AR, fotogrametr\u00eda, reconstrucciones 3D y audiovisual. Tecnolog\u00eda, creatividad e IA al servicio de la cultura y las marcas.\",\"breadcrumb\":{\"@id\":\"https:\\\/\\\/burzoncomenge.com\\\/es\\\/services\\\/#breadcrumb\"},\"inLanguage\":\"es\",\"potentialAction\":[{\"@type\":\"ReadAction\",\"target\":[\"https:\\\/\\\/burzoncomenge.com\\\/es\\\/services\\\/\"]}]},{\"@type\":\"BreadcrumbList\",\"@id\":\"https:\\\/\\\/burzoncomenge.com\\\/es\\\/services\\\/#breadcrumb\",\"itemListElement\":[{\"@type\":\"ListItem\",\"position\":1,\"name\":\"Home\",\"item\":\"https:\\\/\\\/burzoncomenge.com\\\/es\\\/\"},{\"@type\":\"ListItem\",\"position\":2,\"name\":\"Servicios\"}]},{\"@type\":\"WebSite\",\"@id\":\"https:\\\/\\\/burzoncomenge.com\\\/ca\\\/#website\",\"url\":\"https:\\\/\\\/burzoncomenge.com\\\/ca\\\/\",\"name\":\"Burzon*Comenge\",\"description\":\"Creative Studio\",\"publisher\":{\"@id\":\"https:\\\/\\\/burzoncomenge.com\\\/ca\\\/#organization\"},\"potentialAction\":[{\"@type\":\"SearchAction\",\"target\":{\"@type\":\"EntryPoint\",\"urlTemplate\":\"https:\\\/\\\/burzoncomenge.com\\\/ca\\\/?s={search_term_string}\"},\"query-input\":{\"@type\":\"PropertyValueSpecification\",\"valueRequired\":true,\"valueName\":\"search_term_string\"}}],\"inLanguage\":\"es\"},{\"@type\":\"Organization\",\"@id\":\"https:\\\/\\\/burzoncomenge.com\\\/ca\\\/#organization\",\"name\":\"Burzon*Comenge\",\"url\":\"https:\\\/\\\/burzoncomenge.com\\\/ca\\\/\",\"logo\":{\"@type\":\"ImageObject\",\"inLanguage\":\"es\",\"@id\":\"https:\\\/\\\/burzoncomenge.com\\\/ca\\\/#\\\/schema\\\/logo\\\/image\\\/\",\"url\":\"https:\\\/\\\/burzoncomenge.com\\\/wp-content\\\/uploads\\\/2020\\\/04\\\/Logo_bc.png\",\"contentUrl\":\"https:\\\/\\\/burzoncomenge.com\\\/wp-content\\\/uploads\\\/2020\\\/04\\\/Logo_bc.png\",\"width\":983,\"height\":185,\"caption\":\"Burzon*Comenge\"},\"image\":{\"@id\":\"https:\\\/\\\/burzoncomenge.com\\\/ca\\\/#\\\/schema\\\/logo\\\/image\\\/\"}}]}<\/script>\n<!-- \/ Yoast SEO plugin. -->","yoast_head_json":{"title":"Soluciones digitales inmersivas\u00a0| Burzon Comenge","description":"Experiencias inmersivas con VR\/AR, fotogrametr\u00eda, reconstrucciones 3D y audiovisual. Tecnolog\u00eda, creatividad e IA al servicio de la cultura y las marcas.","robots":{"index":"index","follow":"follow","max-snippet":"max-snippet:-1","max-image-preview":"max-image-preview:large","max-video-preview":"max-video-preview:-1"},"canonical":"https:\/\/burzoncomenge.com\/es\/services\/","og_locale":"es_ES","og_type":"article","og_title":"Soluciones digitales inmersivas\u00a0| Burzon Comenge","og_description":"Experiencias inmersivas con VR\/AR, fotogrametr\u00eda, reconstrucciones 3D y audiovisual. Tecnolog\u00eda, creatividad e IA al servicio de la cultura y las marcas.","og_url":"https:\/\/burzoncomenge.com\/es\/services\/","og_site_name":"Burzon*Comenge","article_modified_time":"2026-02-09T12:35:32+00:00","twitter_card":"summary_large_image","twitter_misc":{"Tiempo de lectura":"2 minutos"},"schema":{"@context":"https:\/\/schema.org","@graph":[{"@type":"WebPage","@id":"https:\/\/burzoncomenge.com\/es\/services\/","url":"https:\/\/burzoncomenge.com\/es\/services\/","name":"Soluciones digitales inmersivas\u00a0| Burzon Comenge","isPartOf":{"@id":"https:\/\/burzoncomenge.com\/ca\/#website"},"datePublished":"2021-08-29T11:29:02+00:00","dateModified":"2026-02-09T12:35:32+00:00","description":"Experiencias inmersivas con VR\/AR, fotogrametr\u00eda, reconstrucciones 3D y audiovisual. Tecnolog\u00eda, creatividad e IA al servicio de la cultura y las marcas.","breadcrumb":{"@id":"https:\/\/burzoncomenge.com\/es\/services\/#breadcrumb"},"inLanguage":"es","potentialAction":[{"@type":"ReadAction","target":["https:\/\/burzoncomenge.com\/es\/services\/"]}]},{"@type":"BreadcrumbList","@id":"https:\/\/burzoncomenge.com\/es\/services\/#breadcrumb","itemListElement":[{"@type":"ListItem","position":1,"name":"Home","item":"https:\/\/burzoncomenge.com\/es\/"},{"@type":"ListItem","position":2,"name":"Servicios"}]},{"@type":"WebSite","@id":"https:\/\/burzoncomenge.com\/ca\/#website","url":"https:\/\/burzoncomenge.com\/ca\/","name":"Burzon*Comenge","description":"Creative Studio","publisher":{"@id":"https:\/\/burzoncomenge.com\/ca\/#organization"},"potentialAction":[{"@type":"SearchAction","target":{"@type":"EntryPoint","urlTemplate":"https:\/\/burzoncomenge.com\/ca\/?s={search_term_string}"},"query-input":{"@type":"PropertyValueSpecification","valueRequired":true,"valueName":"search_term_string"}}],"inLanguage":"es"},{"@type":"Organization","@id":"https:\/\/burzoncomenge.com\/ca\/#organization","name":"Burzon*Comenge","url":"https:\/\/burzoncomenge.com\/ca\/","logo":{"@type":"ImageObject","inLanguage":"es","@id":"https:\/\/burzoncomenge.com\/ca\/#\/schema\/logo\/image\/","url":"https:\/\/burzoncomenge.com\/wp-content\/uploads\/2020\/04\/Logo_bc.png","contentUrl":"https:\/\/burzoncomenge.com\/wp-content\/uploads\/2020\/04\/Logo_bc.png","width":983,"height":185,"caption":"Burzon*Comenge"},"image":{"@id":"https:\/\/burzoncomenge.com\/ca\/#\/schema\/logo\/image\/"}}]}},"_links":{"self":[{"href":"https:\/\/burzoncomenge.com\/es\/wp-json\/wp\/v2\/pages\/75962","targetHints":{"allow":["GET"]}}],"collection":[{"href":"https:\/\/burzoncomenge.com\/es\/wp-json\/wp\/v2\/pages"}],"about":[{"href":"https:\/\/burzoncomenge.com\/es\/wp-json\/wp\/v2\/types\/page"}],"author":[{"embeddable":true,"href":"https:\/\/burzoncomenge.com\/es\/wp-json\/wp\/v2\/users\/2"}],"replies":[{"embeddable":true,"href":"https:\/\/burzoncomenge.com\/es\/wp-json\/wp\/v2\/comments?post=75962"}],"version-history":[{"count":14,"href":"https:\/\/burzoncomenge.com\/es\/wp-json\/wp\/v2\/pages\/75962\/revisions"}],"predecessor-version":[{"id":78064,"href":"https:\/\/burzoncomenge.com\/es\/wp-json\/wp\/v2\/pages\/75962\/revisions\/78064"}],"wp:attachment":[{"href":"https:\/\/burzoncomenge.com\/es\/wp-json\/wp\/v2\/media?parent=75962"}],"curies":[{"name":"wp","href":"https:\/\/api.w.org\/{rel}","templated":true}]}}