{"id":74876,"date":"2020-05-04T11:58:21","date_gmt":"2020-05-04T11:58:21","guid":{"rendered":"http:\/\/burzoncomenge.com\/?page_id=74876"},"modified":"2020-12-01T09:45:00","modified_gmt":"2020-12-01T09:45:00","slug":"privacy-policy","status":"publish","type":"page","link":"https:\/\/burzoncomenge.com\/ca\/privacy-policy\/","title":{"rendered":"Pol\u00edtica de privacitat"},"content":{"rendered":"<div class=\"wpb-content-wrapper\"><p>[vc_row full_width=&#8221;stretch_row_content&#8221;][vc_column][vc_empty_space height=&#8221;200px&#8221;][\/vc_column][\/vc_row][vc_row][vc_column][vc_row_inner][vc_column_inner width=&#8221;1\/4&#8243;][\/vc_column_inner][vc_column_inner width=&#8221;1\/2&#8243;][vc_column_text]<\/p>\n<h1>Pol\u00edtica de Privacitat i Protecci\u00f3 de dades personals<\/h1>\n<p>[\/vc_column_text][vc_column_text]En compliment del Reglament UE 2016\/679 de protecci\u00f3 de dades de car\u00e0cter personal, t\u2019informem que el responsable del tractament de les teves dades personals \u00e9s Albert Burzon sota la marca Burzon*Comenge amb el NIF 46729901L amb adre\u00e7a fiscal al carrer Santa Maria, 10 2-1 d&#8217;Igualada, Barcelona.<\/p>\n<p>Totes les dades sota responsabilitat d&#8217;Albert Burzon seran tractades d&#8217;acord amb les exig\u00e8ncies legals, i es guardaran les degudes mesures de seguretat, tant t\u00e8cniques com organitzatives, que garanteixen la seva confidencialitat<a href=\"https:\/\/obertament.org\/ca\/avis-legal-i-politica-de-privacitat#cookies\">.<\/a><\/p>\n<p>Pots contactar amb Burzon Comenge a l&#8217;adre\u00e7a electr\u00f2nica <a href=\"mailto:web@burzoncomenge.com\"><span id=\"cloak3d92279dde6903dfc4d9a211c0f60809\">web@burzoncomenge.com<\/span><\/a>[\/vc_column_text][\/vc_column_inner][vc_column_inner width=&#8221;1\/4&#8243;][\/vc_column_inner][\/vc_row_inner][vc_row_inner][vc_column_inner width=&#8221;1\/4&#8243;][\/vc_column_inner][vc_column_inner width=&#8221;1\/2&#8243;][vc_toggle title=&#8221;1. Quines dades personals tractem?&#8221;]Les dades personals que podem tractar per a les finalitats leg\u00edtimes que m\u00e9s endavant s&#8217;expliquen, s\u00f3n les seg\u00fcents:<\/p>\n<ul>\n<li>\u00a0Nom i cognoms<\/li>\n<li>Tel\u00e8fon<\/li>\n<li>Adre\u00e7a de correu electr\u00f2nic<\/li>\n<\/ul>\n<p>Tamb\u00e9 t\u2019informem que tractarem aquelles dades addicionals que volunt\u00e0riament ens facilitis durant les futures relacions i interaccions que mantinguis amb Burzon Comenge, incloses les que provinguin d\u2019una xarxa social o una altra aplicaci\u00f3. Aquestes dades depenen de la teva pr\u00f2pia configuraci\u00f3 de privacitat, \u00fas de la xarxa social o aplicaci\u00f3, aix\u00ed com de les pol\u00edtiques de privacitat pr\u00f2pies de cada xarxa social o aplicaci\u00f3, de manera que et recomanem llegir-les amb atenci\u00f3 abans de facilitar-nos dades a trav\u00e9s d&#8217;aquestes xarxes socials o aplicacions.[\/vc_toggle][\/vc_column_inner][vc_column_inner width=&#8221;1\/4&#8243;][\/vc_column_inner][\/vc_row_inner][vc_row_inner][vc_column_inner width=&#8221;1\/4&#8243;][\/vc_column_inner][vc_column_inner width=&#8221;1\/2&#8243;][vc_toggle title=&#8221;2. Finalitat del tractament de les dades&#8221;]<\/p>\n<p id=\"tw-target-text\" class=\"tw-data-text tw-text-large XcVN5d tw-ta\" dir=\"ltr\" data-placeholder=\"Traducci\u00f3\"><span lang=\"ca\">Burzon Comenge, tractar\u00e0 les dades de l&#8217;usuari de manera manual i \/ o automatitzada per poder respondre a les consultes realitzades i remetre peri\u00f2dicament comunicacions electr\u00f2niques sobre serveis, esdeveniments i not\u00edcies relacionades amb la nostra activitat professional.<\/span><\/p>\n<p>[\/vc_toggle][\/vc_column_inner][vc_column_inner width=&#8221;1\/4&#8243;][\/vc_column_inner][\/vc_row_inner][vc_row_inner][vc_column_inner width=&#8221;1\/4&#8243;][\/vc_column_inner][vc_column_inner width=&#8221;1\/2&#8243;][vc_toggle title=&#8221;3. Destinataris&#8221;]<\/p>\n<p id=\"tw-target-text\" class=\"tw-data-text tw-text-large XcVN5d tw-ta\" dir=\"ltr\" data-placeholder=\"Traducci\u00f3\">Burzon Comenge no cedir\u00e0 les dades en cap cas a tercers llevat que operi una obligaci\u00f3 legal per a aix\u00f2.<\/p>\n<p>[\/vc_toggle][\/vc_column_inner][vc_column_inner width=&#8221;1\/4&#8243;][\/vc_column_inner][\/vc_row_inner][vc_row_inner][vc_column_inner width=&#8221;1\/4&#8243;][\/vc_column_inner][vc_column_inner width=&#8221;1\/2&#8243;][vc_toggle title=&#8221;4. Durant quant de temps guardarem les teves dades?&#8221;]<\/p>\n<p id=\"tw-target-text\" class=\"tw-data-text tw-text-large XcVN5d tw-ta\" dir=\"ltr\" data-placeholder=\"Traducci\u00f3\">Les teves dades personals es conservaran mentre es mantingui la relaci\u00f3 amb Burzon Comenge i, despr\u00e9s de la finalitzaci\u00f3 d&#8217;aquesta relaci\u00f3 per qualsevol causa, durant els terminis de prescripci\u00f3 legals. En aquest sup\u00f2sit, es tractaran a efectes d&#8217;acreditar el compliment de les nostres obligacions legals o contractuals. Finalitzats aquests terminis de prescripci\u00f3, les teves dades seran eliminades o, alternativament, anonimitzades.<\/p>\n<p>[\/vc_toggle][\/vc_column_inner][vc_column_inner width=&#8221;1\/4&#8243;][\/vc_column_inner][\/vc_row_inner][vc_row_inner][vc_column_inner width=&#8221;1\/4&#8243;][\/vc_column_inner][vc_column_inner width=&#8221;1\/2&#8243;][vc_toggle title=&#8221;5. Quins s\u00f3n els teus drets?&#8221;]Pots exercir els teus drets d&#8217;acc\u00e9s, rectificaci\u00f3, supressi\u00f3, limitaci\u00f3, oposici\u00f3 i portabilitat, dirigint-te per escrit a Burzon Comenge enviant un email a l&#8217;adre\u00e7a electr\u00f2nica del nostre Delegat de Protecci\u00f3 de Dades, <a href=\"web@burzoncomenge.com\"><span id=\"cloak83bf4c7d5ea89096c95a361e599c175c\">web@burzoncomenge.com<\/span><\/a>\u00a0 o dirigint una sol\u00b7licitud a la nostra adre\u00e7a postal, a l&#8217;atenci\u00f3 del Delegat de Protecci\u00f3 de Dades.<\/p>\n<p>Aix\u00ed mateix, si consideres que el tractament de les teves dades personals vulnera la normativa o els teus drets de privacitat, pots presentar una reclamaci\u00f3 al nostre Delegat de Protecci\u00f3 de Dades, a trav\u00e9s de les adreces postal i electr\u00f2nica indicades, o davant l&#8217;Ag\u00e8ncia Espanyola de Protecci\u00f3 de dades, a trav\u00e9s de la seva seu electr\u00f2nica o de la seva adre\u00e7a postal.[\/vc_toggle][\/vc_column_inner][vc_column_inner width=&#8221;1\/4&#8243;][\/vc_column_inner][\/vc_row_inner][\/vc_column][\/vc_row][vc_row][vc_column][vc_empty_space height=&#8221;64px&#8221;][\/vc_column][\/vc_row][vc_row][vc_column][vc_row_inner][vc_column_inner width=&#8221;1\/4&#8243;][\/vc_column_inner][vc_column_inner width=&#8221;1\/2&#8243;][vc_column_text]<\/p>\n<h1>Av\u00eds legal<\/h1>\n<p>[\/vc_column_text][vc_column_text]En compliment de la Llei 34\/2002, de 11 de juliol, de Serveis de la Societat de la Informaci\u00f3 i del Comer\u00e7 Electr\u00f2nic, a continuaci\u00f3 s&#8217;exposen les dades d&#8217;informaci\u00f3 general de la p\u00e0gina web www.burzoncomenge.com.<\/p>\n<p>L&#8217;\u00fas d&#8217;aquesta p\u00e0gina web i d&#8217;aquest bloc implica l&#8217;acceptaci\u00f3 plena i sense reserves de totes i cadascuna de les disposicions incloses en aquest av\u00eds legal, en la versi\u00f3 publicada per Burzon Comenge en el mateix moment en qu\u00e8 s&#8217;accedeix al web.<\/p>\n<p>Obertament es reserva el dret d&#8217;actualitzar els continguts de la p\u00e0gina web i eliminar-los, com tamb\u00e9 de limitar i impedir l&#8217;acc\u00e9s a ells, ja sigui de forma temporal o definitiva sense notificaci\u00f3 pr\u00e8via.[\/vc_column_text][\/vc_column_inner][vc_column_inner width=&#8221;1\/4&#8243;][\/vc_column_inner][\/vc_row_inner][vc_row_inner][vc_column_inner width=&#8221;1\/4&#8243;][\/vc_column_inner][vc_column_inner width=&#8221;1\/2&#8243;][vc_toggle title=&#8221;1. Propietat intel\u00b7lectual i industrial&#8221;]Tots els continguts de la present p\u00e0gina web, incloent sense car\u00e0cter limitador els textos, gr\u00e0fics i imatges, el seu disseny i els drets de propietat intel\u00b7lectual que poguessin correspondre als esmentats continguts, aix\u00ed com qualsevol altre signe distintiu, pertanyen als seus propietaris leg\u00edtims i queden reservats tots els drets.<\/p>\n<p>Queda prohibit qualsevol acte de c\u00f2pia o reproducci\u00f3 dels continguts, total o parcial, en qualsevol forma o mitj\u00e0, sigui mec\u00e0nic, electr\u00f2nic, reprogr\u00e0fic o d\u2019altres sense l&#8217;autoritzaci\u00f3 pr\u00e8via, expressa o per escrit de Burzon Comenge.[\/vc_toggle][\/vc_column_inner][vc_column_inner width=&#8221;1\/4&#8243;][\/vc_column_inner][\/vc_row_inner][vc_row_inner][vc_column_inner width=&#8221;1\/4&#8243;][\/vc_column_inner][vc_column_inner width=&#8221;1\/2&#8243;][vc_toggle title=&#8221;2. Obligacions de l&#8217;usuari&#8221;]L\u2019usuari s\u2019obliga, amb car\u00e0cter general, a utilitzar el Lloc Web aix\u00ed com els serveis vinculats al mateix de forma diligent, de conformitat amb la llei, la moral, l\u2019ordre p\u00fablic i el disposat en aquestes condicions generals i en les particulars que siguin d\u2019aplicaci\u00f3, i, aix\u00ed mateix, abstenir d\u2019utilitzar-los en qualsevol forma que pugui impedir el normal funcionament i gaudi per part dels usuaris del lloc web i dels serveis vinculats al mateix, o que pogu\u00e9s lesionar o causar danys als b\u00e9ns i drets de Burzon Comenge, dels seus prove\u00efdors, usuaris o, en general, de qualsevol tercer.[\/vc_toggle][\/vc_column_inner][vc_column_inner width=&#8221;1\/4&#8243;][\/vc_column_inner][\/vc_row_inner][vc_row_inner][vc_column_inner width=&#8221;1\/4&#8243;][\/vc_column_inner][vc_column_inner width=&#8221;1\/2&#8243;][vc_toggle title=&#8221;3. Dades personals&#8221;]<\/p>\n<p id=\"tw-target-text\" class=\"tw-data-text tw-text-large XcVN5d tw-ta\" dir=\"ltr\" data-placeholder=\"Traducci\u00f3\"><span lang=\"ca\">Dades personals. La visita a l&#8217;web no suposa que l&#8217;Usuari estigui obligat a facilitar cap informaci\u00f3 sobre si mateix. En el cas que proporcioni alguna informaci\u00f3 de car\u00e0cter personal, les dades recollides seran utilitzades amb la finalitat, en la forma i amb les limitacions i drets que recull el Reglament (UE) 2016\/679 de el Parlament Europeu i de Consell de 27 d&#8217;abril de 2016, resultant en aquest cas la nostra Pol\u00edtica de Privacitat.<\/span><\/p>\n<p>[\/vc_toggle][\/vc_column_inner][vc_column_inner width=&#8221;1\/4&#8243;][\/vc_column_inner][\/vc_row_inner][vc_row_inner][vc_column_inner width=&#8221;1\/4&#8243;][\/vc_column_inner][vc_column_inner width=&#8221;1\/2&#8243;][vc_toggle title=&#8221;4. Exclusi\u00f3 de responsabilitat&#8221;]<\/p>\n<p id=\"tw-target-text\" class=\"tw-data-text tw-text-large XcVN5d tw-ta\" dir=\"ltr\" data-placeholder=\"Traducci\u00f3\"><span lang=\"ca\">En ra\u00f3 a les situacions imprevisibles que caracteritzen els entorns tecnol\u00f2gics ia Internet, Burzon Comenge es reserva el dret de suspendre temporalment l&#8217;acc\u00e9s o qualsevol de les funcionalitats ofertes per la Plataforma, ja sigui per raons de car\u00e0cter t\u00e8cnic, per motius de seguretat o per manteniment . Aix\u00ed mateix, Burzon Comenge es reserva el dret d&#8217;implementar i realitzar canvis i \/ o actualitzacions de la web en qualsevol moment, amb o sense notificaci\u00f3 pr\u00e8via. En qualsevol cas, l&#8217;Usuari reconeix i accepta que Burzon Comenge podr\u00e0 realitzar determinades accions per impedir l&#8217;acc\u00e9s de l&#8217;Usuari a la Plataforma en determinats moments per per\u00edodes limitats. En aquest sentit, l&#8217;Usuari accepta que Burzon Comenge no ser\u00e0 responsable, com a resultat d&#8217;aquestes accions, de la supressi\u00f3 o la manca en la posada a disposici\u00f3 de determinats continguts o funcionalitats de la plataforma web. <\/span><\/p>\n<p>[\/vc_toggle][\/vc_column_inner][vc_column_inner width=&#8221;1\/4&#8243;][\/vc_column_inner][\/vc_row_inner][\/vc_column][\/vc_row][vc_row][vc_column]<section class=\"contacts-form \" style=\"background-image: url(); background-color: \">\r\n\t\t\t<div class=\"wrap\">\r\n\t\t\t\t<div class=\"wrap_float\">\r\n\t\t\t\t\t<h2 class=\"title\">Contacta'ns, ens agradaria con\u00e8ixer el teu projecte<\/h2>\r\n\t\t\t\t\t<div class=\"section_content\">\r\n\t\t\t\t\t\t<div class=\"form\">\r\n\t\t\t\t\t\t\t\n<div class=\"wpcf7 no-js\" id=\"wpcf7-f17-o1\" lang=\"ca\" dir=\"ltr\" data-wpcf7-id=\"17\">\n<div class=\"screen-reader-response\"><p role=\"status\" aria-live=\"polite\" aria-atomic=\"true\"><\/p> <ul><\/ul><\/div>\n<form action=\"\/ca\/wp-json\/wp\/v2\/pages\/74876#wpcf7-f17-o1\" method=\"post\" class=\"wpcf7-form init\" aria-label=\"Formulari de contacte\" novalidate=\"novalidate\" data-status=\"init\">\n<fieldset class=\"hidden-fields-container\"><input type=\"hidden\" name=\"_wpcf7\" value=\"17\" \/><input type=\"hidden\" name=\"_wpcf7_version\" value=\"6.1.5\" \/><input type=\"hidden\" name=\"_wpcf7_locale\" value=\"ca\" \/><input type=\"hidden\" name=\"_wpcf7_unit_tag\" value=\"wpcf7-f17-o1\" \/><input type=\"hidden\" name=\"_wpcf7_container_post\" value=\"0\" \/><input type=\"hidden\" name=\"_wpcf7_posted_data_hash\" value=\"\" \/><input type=\"hidden\" name=\"_wpcf7_recaptcha_response\" value=\"\" \/>\n<\/fieldset>\n<div class=\"fields\">\n\t<div class=\"input_wrap\">\n\t\t<p><span class=\"wpcf7-form-control-wrap\" data-name=\"your-name\"><input size=\"40\" maxlength=\"400\" class=\"wpcf7-form-control wpcf7-text wpcf7-validates-as-required input placeholder js_input\" aria-required=\"true\" aria-invalid=\"false\" placeholder=\"Nom\" value=\"\" type=\"text\" name=\"your-name\" \/><\/span>\n\t\t<\/p>\n\t<\/div>\n\t<div class=\"input_wrap\">\n\t\t<p><span class=\"wpcf7-form-control-wrap\" data-name=\"your-email\"><input size=\"40\" maxlength=\"400\" class=\"wpcf7-form-control wpcf7-email wpcf7-validates-as-required wpcf7-text wpcf7-validates-as-email input placeholder js_input\" aria-required=\"true\" aria-invalid=\"false\" placeholder=\"Adre\u00e7a de correu electr\u00f2nic\" value=\"\" type=\"email\" name=\"your-email\" \/><\/span>\n\t\t<\/p>\n\t<\/div>\n\t<div class=\"input_wrap\">\n\t\t<p><span class=\"wpcf7-form-control-wrap\" data-name=\"your-phone\"><input size=\"40\" maxlength=\"400\" class=\"wpcf7-form-control wpcf7-tel wpcf7-text wpcf7-validates-as-tel input placeholder js_input\" aria-invalid=\"false\" placeholder=\"Tel\u00e8fon\" value=\"\" type=\"tel\" name=\"your-phone\" \/><\/span>\n\t\t<\/p>\n\t<\/div>\n\t<div class=\"input_wrap\">\n\t\t<p><span class=\"wpcf7-form-control-wrap\" data-name=\"your-message\"><textarea cols=\"40\" rows=\"10\" maxlength=\"2000\" class=\"wpcf7-form-control wpcf7-textarea wpcf7-validates-as-required textarea placeholder js_input\" aria-required=\"true\" aria-invalid=\"false\" placeholder=\"Escriu el teu missatge\" name=\"your-message\"><\/textarea><\/span>\n\t\t<\/p>\n\t<\/div>\n\n\t<p><input class=\"wpcf7-form-control wpcf7-submit has-spinner submit btn\" type=\"submit\" value=\"Envia\" \/>\n\t<\/p>\n<\/div><p style=\"display: none !important;\" class=\"akismet-fields-container\" data-prefix=\"_wpcf7_ak_\"><label>&#916;<textarea name=\"_wpcf7_ak_hp_textarea\" cols=\"45\" rows=\"8\" maxlength=\"100\"><\/textarea><\/label><input type=\"hidden\" id=\"ak_js_1\" name=\"_wpcf7_ak_js\" value=\"149\"\/><script>document.getElementById( \"ak_js_1\" ).setAttribute( \"value\", ( new Date() ).getTime() );<\/script><\/p><div class=\"wpcf7-response-output\" aria-hidden=\"true\"><\/div>\n<\/form>\n<\/div>\n\r\n\t\t\t\t\t\t<\/div>\r\n\t\t\t\t\t<\/div>\r\n\t\t\t\t<\/div>\r\n\t\t\t<\/div>\r\n\t\t\t<\/section>[vc_empty_space][\/vc_column][\/vc_row]<\/p>\n<\/div>","protected":false},"excerpt":{"rendered":"<p>[vc_row full_width=&#8221;stretch_row_content&#8221;][vc_column][vc_empty_space height=&#8221;200px&#8221;][\/vc_column][\/vc_row][vc_row][vc_column][vc_row_inner][vc_column_inner width=&#8221;1\/4&#8243;][\/vc_column_inner][vc_column_inner width=&#8221;1\/2&#8243;][vc_column_text] Pol\u00edtica de Privacitat i Protecci\u00f3 de dades personals [\/vc_column_text][vc_column_text]En compliment del Reglament UE 2016\/679 de protecci\u00f3 de dades de car\u00e0cter personal, t\u2019informem que el responsable del tractament de les teves dades personals \u00e9s Albert Burzon sota la marca Burzon*Comenge amb el NIF 46729901L amb adre\u00e7a fiscal al carrer Santa Maria,<\/p>\n<p class=\"link-more\"><a href=\"https:\/\/burzoncomenge.com\/ca\/privacy-policy\/\" class=\"more-link\">Read More<\/a><\/p>\n","protected":false},"author":2,"featured_media":0,"parent":0,"menu_order":0,"comment_status":"closed","ping_status":"closed","template":"page-fullwidth.php","meta":{"footnotes":""},"class_list":["post-74876","page","type-page","status-publish","hentry"],"yoast_head":"<!-- This site is optimized with the Yoast SEO plugin v27.2 - https:\/\/yoast.com\/product\/yoast-seo-wordpress\/ -->\n<title>Pol\u00edtica de privacitat - Burzon*Comenge<\/title>\n<meta name=\"robots\" content=\"index, follow, max-snippet:-1, max-image-preview:large, max-video-preview:-1\" \/>\n<link rel=\"canonical\" href=\"https:\/\/burzoncomenge.com\/ca\/privacy-policy\/\" \/>\n<meta property=\"og:locale\" content=\"ca_ES\" \/>\n<meta property=\"og:type\" content=\"article\" \/>\n<meta property=\"og:title\" content=\"Pol\u00edtica de privacitat - Burzon*Comenge\" \/>\n<meta property=\"og:description\" content=\"[vc_row full_width=&#8221;stretch_row_content&#8221;][vc_column][vc_empty_space height=&#8221;200px&#8221;][\/vc_column][\/vc_row][vc_row][vc_column][vc_row_inner][vc_column_inner width=&#8221;1\/4&#8243;][\/vc_column_inner][vc_column_inner width=&#8221;1\/2&#8243;][vc_column_text] Pol\u00edtica de Privacitat i Protecci\u00f3 de dades personals [\/vc_column_text][vc_column_text]En compliment del Reglament UE 2016\/679 de protecci\u00f3 de dades de car\u00e0cter personal, t\u2019informem que el responsable del tractament de les teves dades personals \u00e9s Albert Burzon sota la marca Burzon*Comenge amb el NIF 46729901L amb adre\u00e7a fiscal al carrer Santa Maria,Read More\" \/>\n<meta property=\"og:url\" content=\"https:\/\/burzoncomenge.com\/ca\/privacy-policy\/\" \/>\n<meta property=\"og:site_name\" content=\"Burzon*Comenge\" \/>\n<meta property=\"article:modified_time\" content=\"2020-12-01T09:45:00+00:00\" \/>\n<meta name=\"twitter:card\" content=\"summary_large_image\" \/>\n<meta name=\"twitter:label1\" content=\"Temps estimat de lectura\" \/>\n\t<meta name=\"twitter:data1\" content=\"7 minuts\" \/>\n<script type=\"application\/ld+json\" class=\"yoast-schema-graph\">{\"@context\":\"https:\/\/schema.org\",\"@graph\":[{\"@type\":\"WebPage\",\"@id\":\"https:\/\/burzoncomenge.com\/ca\/privacy-policy\/\",\"url\":\"https:\/\/burzoncomenge.com\/ca\/privacy-policy\/\",\"name\":\"Pol\u00edtica de privacitat - Burzon*Comenge\",\"isPartOf\":{\"@id\":\"https:\/\/burzoncomenge.com\/ca\/#website\"},\"datePublished\":\"2020-05-04T11:58:21+00:00\",\"dateModified\":\"2020-12-01T09:45:00+00:00\",\"breadcrumb\":{\"@id\":\"https:\/\/burzoncomenge.com\/ca\/privacy-policy\/#breadcrumb\"},\"inLanguage\":\"ca\",\"potentialAction\":[{\"@type\":\"ReadAction\",\"target\":[\"https:\/\/burzoncomenge.com\/ca\/privacy-policy\/\"]}]},{\"@type\":\"BreadcrumbList\",\"@id\":\"https:\/\/burzoncomenge.com\/ca\/privacy-policy\/#breadcrumb\",\"itemListElement\":[{\"@type\":\"ListItem\",\"position\":1,\"name\":\"Home\",\"item\":\"https:\/\/burzoncomenge.com\/ca\/\"},{\"@type\":\"ListItem\",\"position\":2,\"name\":\"Pol\u00edtica de privacitat\"}]},{\"@type\":\"WebSite\",\"@id\":\"https:\/\/burzoncomenge.com\/ca\/#website\",\"url\":\"https:\/\/burzoncomenge.com\/ca\/\",\"name\":\"Burzon*Comenge\",\"description\":\"Creative Studio\",\"publisher\":{\"@id\":\"https:\/\/burzoncomenge.com\/ca\/#organization\"},\"potentialAction\":[{\"@type\":\"SearchAction\",\"target\":{\"@type\":\"EntryPoint\",\"urlTemplate\":\"https:\/\/burzoncomenge.com\/ca\/?s={search_term_string}\"},\"query-input\":{\"@type\":\"PropertyValueSpecification\",\"valueRequired\":true,\"valueName\":\"search_term_string\"}}],\"inLanguage\":\"ca\"},{\"@type\":\"Organization\",\"@id\":\"https:\/\/burzoncomenge.com\/ca\/#organization\",\"name\":\"Burzon*Comenge\",\"url\":\"https:\/\/burzoncomenge.com\/ca\/\",\"logo\":{\"@type\":\"ImageObject\",\"inLanguage\":\"ca\",\"@id\":\"https:\/\/burzoncomenge.com\/ca\/#\/schema\/logo\/image\/\",\"url\":\"https:\/\/burzoncomenge.com\/wp-content\/uploads\/2020\/04\/Logo_bc.png\",\"contentUrl\":\"https:\/\/burzoncomenge.com\/wp-content\/uploads\/2020\/04\/Logo_bc.png\",\"width\":983,\"height\":185,\"caption\":\"Burzon*Comenge\"},\"image\":{\"@id\":\"https:\/\/burzoncomenge.com\/ca\/#\/schema\/logo\/image\/\"}}]}<\/script>\n<!-- \/ Yoast SEO plugin. -->","yoast_head_json":{"title":"Pol\u00edtica de privacitat - Burzon*Comenge","robots":{"index":"index","follow":"follow","max-snippet":"max-snippet:-1","max-image-preview":"max-image-preview:large","max-video-preview":"max-video-preview:-1"},"canonical":"https:\/\/burzoncomenge.com\/ca\/privacy-policy\/","og_locale":"ca_ES","og_type":"article","og_title":"Pol\u00edtica de privacitat - Burzon*Comenge","og_description":"[vc_row full_width=&#8221;stretch_row_content&#8221;][vc_column][vc_empty_space height=&#8221;200px&#8221;][\/vc_column][\/vc_row][vc_row][vc_column][vc_row_inner][vc_column_inner width=&#8221;1\/4&#8243;][\/vc_column_inner][vc_column_inner width=&#8221;1\/2&#8243;][vc_column_text] Pol\u00edtica de Privacitat i Protecci\u00f3 de dades personals [\/vc_column_text][vc_column_text]En compliment del Reglament UE 2016\/679 de protecci\u00f3 de dades de car\u00e0cter personal, t\u2019informem que el responsable del tractament de les teves dades personals \u00e9s Albert Burzon sota la marca Burzon*Comenge amb el NIF 46729901L amb adre\u00e7a fiscal al carrer Santa Maria,Read More","og_url":"https:\/\/burzoncomenge.com\/ca\/privacy-policy\/","og_site_name":"Burzon*Comenge","article_modified_time":"2020-12-01T09:45:00+00:00","twitter_card":"summary_large_image","twitter_misc":{"Temps estimat de lectura":"7 minuts"},"schema":{"@context":"https:\/\/schema.org","@graph":[{"@type":"WebPage","@id":"https:\/\/burzoncomenge.com\/ca\/privacy-policy\/","url":"https:\/\/burzoncomenge.com\/ca\/privacy-policy\/","name":"Pol\u00edtica de privacitat - Burzon*Comenge","isPartOf":{"@id":"https:\/\/burzoncomenge.com\/ca\/#website"},"datePublished":"2020-05-04T11:58:21+00:00","dateModified":"2020-12-01T09:45:00+00:00","breadcrumb":{"@id":"https:\/\/burzoncomenge.com\/ca\/privacy-policy\/#breadcrumb"},"inLanguage":"ca","potentialAction":[{"@type":"ReadAction","target":["https:\/\/burzoncomenge.com\/ca\/privacy-policy\/"]}]},{"@type":"BreadcrumbList","@id":"https:\/\/burzoncomenge.com\/ca\/privacy-policy\/#breadcrumb","itemListElement":[{"@type":"ListItem","position":1,"name":"Home","item":"https:\/\/burzoncomenge.com\/ca\/"},{"@type":"ListItem","position":2,"name":"Pol\u00edtica de privacitat"}]},{"@type":"WebSite","@id":"https:\/\/burzoncomenge.com\/ca\/#website","url":"https:\/\/burzoncomenge.com\/ca\/","name":"Burzon*Comenge","description":"Creative Studio","publisher":{"@id":"https:\/\/burzoncomenge.com\/ca\/#organization"},"potentialAction":[{"@type":"SearchAction","target":{"@type":"EntryPoint","urlTemplate":"https:\/\/burzoncomenge.com\/ca\/?s={search_term_string}"},"query-input":{"@type":"PropertyValueSpecification","valueRequired":true,"valueName":"search_term_string"}}],"inLanguage":"ca"},{"@type":"Organization","@id":"https:\/\/burzoncomenge.com\/ca\/#organization","name":"Burzon*Comenge","url":"https:\/\/burzoncomenge.com\/ca\/","logo":{"@type":"ImageObject","inLanguage":"ca","@id":"https:\/\/burzoncomenge.com\/ca\/#\/schema\/logo\/image\/","url":"https:\/\/burzoncomenge.com\/wp-content\/uploads\/2020\/04\/Logo_bc.png","contentUrl":"https:\/\/burzoncomenge.com\/wp-content\/uploads\/2020\/04\/Logo_bc.png","width":983,"height":185,"caption":"Burzon*Comenge"},"image":{"@id":"https:\/\/burzoncomenge.com\/ca\/#\/schema\/logo\/image\/"}}]}},"_links":{"self":[{"href":"https:\/\/burzoncomenge.com\/ca\/wp-json\/wp\/v2\/pages\/74876","targetHints":{"allow":["GET"]}}],"collection":[{"href":"https:\/\/burzoncomenge.com\/ca\/wp-json\/wp\/v2\/pages"}],"about":[{"href":"https:\/\/burzoncomenge.com\/ca\/wp-json\/wp\/v2\/types\/page"}],"author":[{"embeddable":true,"href":"https:\/\/burzoncomenge.com\/ca\/wp-json\/wp\/v2\/users\/2"}],"replies":[{"embeddable":true,"href":"https:\/\/burzoncomenge.com\/ca\/wp-json\/wp\/v2\/comments?post=74876"}],"version-history":[{"count":27,"href":"https:\/\/burzoncomenge.com\/ca\/wp-json\/wp\/v2\/pages\/74876\/revisions"}],"predecessor-version":[{"id":75576,"href":"https:\/\/burzoncomenge.com\/ca\/wp-json\/wp\/v2\/pages\/74876\/revisions\/75576"}],"wp:attachment":[{"href":"https:\/\/burzoncomenge.com\/ca\/wp-json\/wp\/v2\/media?parent=74876"}],"curies":[{"name":"wp","href":"https:\/\/api.w.org\/{rel}","templated":true}]}}