{"id":74495,"date":"2019-07-23T06:54:20","date_gmt":"2019-07-23T06:54:20","guid":{"rendered":"https:\/\/localhost\/ontold\/?page_id=7"},"modified":"2026-02-04T11:35:46","modified_gmt":"2026-02-04T11:35:46","slug":"about-us","status":"publish","type":"page","link":"https:\/\/burzoncomenge.com\/ca\/about-us\/","title":{"rendered":"Qui som"},"content":{"rendered":"<div class=\"wpb-content-wrapper\"><p>[vc_row][vc_column]<div class=\"left-socials black\">\t<a class=\"instagram\" href=\"https:\/\/www.instagram.com\/burzon_comenge\/\"><\/a>\t<a class=\"twitter\" href=\"https:\/\/twitter.com\/burzon_comenge\"><\/a>\t<a class=\"behance\" href=\"https:\/\/www.behance.net\/BurzonComenge\"><\/a><\/div>\n\n\t\t\t<header class=\"page--head pagebanner \" style=\"background-image: url(); background-color: ; margin-bottom: \">\n\t\t\t\t<div class=\"wrap\">\n\t\t\t\t\t<div class=\"wrap_float\">\n\t\t\t\t\t\t<h1 class=\"title\" style=\"max-width: 505px;\">Estudi creatiu d'innovaci\u00f3 digital per connectar cultura i audi\u00e8ncies<\/h1>\t<a class=\"link js-modal-form\"><span><span class=\"link-text\">Contacta'ns<\/span><\/span><\/a><\/div>\n\t\t\t\t<\/div>\n\t\t\t<\/header>[\/vc_column][\/vc_row][vc_row][vc_column]<div class=\"scroll-effect \" id=\"scroll-effect\">\r\n\t\t\t\t<div class=\"full-image-section first-level\" id=\"first-level\" style=\"background-image: url(https:\/\/burzoncomenge.com\/wp-content\/uploads\/2020\/11\/Giravolt_burzon_comenge.jpg)\"><\/div>\r\n\t\t\t\t<div class=\"description-section concept-block second-level\" id=\"concept-block\">\r\n\t\t\t\t\t<div class=\"bg-color\" style=\"background-color: #191919;\"><\/div>\r\n\t\t\t\t\t<div class=\"wrap\">\r\n\t\t\t\t\t\t<div class=\"wrap_float\">\r\n\t\t\t\t\t\t\t<div class=\"text\">\r\n\t\t\t\t\t\t\t\t\r\n\t\t\t\t\t\t\t<\/div>\r\n\t\t\t\t\t\t\t<div class=\"small-text\">\r\n\t\t\t\t\t\t\t\t\r\n\t\t\t\t\t\t\t<\/div>\r\n\t\t\t\t\t\t<\/div>\r\n\t\t\t\t\t<\/div>\r\n\t\t\t\t<\/div>\r\n\t\t\t<\/div><div class=\"info-block \"><div class=\"wrap\">\r\n\t\t\t\t\t<div class=\"wrap_float\">\r\n\t\t\t\t\t\t<p><b>Som un estudi creatiu i d\u2019innovaci\u00f3 digital que impulsat pel disseny busca noves maneres d\u2019explicar la hist\u00f2ria, l\u2019art i la cultura.<\/b> Connectem coneixement i l\u2019experi\u00e8ncia dels productors culturals amb les possibilitats que ofereix la dimensi\u00f3 digital amb un alt grau d\u2019exig\u00e8ncia en la qualitat gr\u00e0fica i audiovisual.<\/p><a class=\"link\" href=\"\"><span><span class=\"link-text\"><\/span><\/span><\/a>\r\n\t\t\t\t\t<\/div>\r\n\t\t\t\t<\/div>\r\n\t\t\t<\/div><div class=\"info-block \"><div class=\"wrap\">\r\n\t\t\t\t\t<div class=\"wrap_float\">\r\n\t\t\t\t\t\t<p><b>Investiguem<\/b> i desenvolupem solucions creatives i digitals a mida. Explorem narratives per explicar hist\u00f2ries i experi\u00e8ncies ins\u00f2lites. La tecnologia \u00e9s la nostra eina.<\/p><a class=\"link\" href=\"\"><span><span class=\"link-text\"><\/span><\/span><\/a>\r\n\t\t\t\t\t<\/div>\r\n\t\t\t\t<\/div>\r\n\t\t\t<\/div>[\/vc_column][\/vc_row][vc_row background_color=&#8221;#f4f4f4&#8243;][vc_column css=&#8221;.vc_custom_1588499728559{background-color: #f4f4f4 !important;}&#8221;]<section class=\"team \">\r\n\t\t\t\t<div class=\"wrap\">\r\n\t\t\t\t\t<div class=\"wrap_float\">\r\n\t\t\t\t\t\t<h2 class=\"title\">Equip creatiu<\/h2>\r\n\t\t\t\t\t\t<p class=\"subtitle\">Som un equip multidisciplinar amb una s\u00f2lida i llarga experi\u00e8ncia en disseny, art i tecnologia. Amb les nostres habilitats complement\u00e0ries resolem qualsevol repte.<\/p>\r\n\r\n\t\t\t\t\t\t<div class=\"section_content\">\r\n\t\t\t\t\t\t\t\t\t<div class=\"item \">\r\n\t\t\t\t\t\t<div class=\"item_img\">\r\n\t\t\t\t\t\t\t<div class=\"socials-user\">\t<a class=\"instagram\" href=\"https:\/\/www.instagram.com\/burzon_comenge\/\"><\/a>\t<a class=\"twitter\" href=\"https:\/\/twitter.com\/burzon_comenge?lang=ca\"><\/a>\t<a class=\"linkedin\" href=\"https:\/\/www.linkedin.com\/in\/ester-comenge-secanell-90a3563b\/\"><\/a>\t\t<\/div>\r\n\t\t\t\t\t\t\t<div class=\"sq_parent\">\r\n\t\t\t\t\t\t\t\t<div class=\"sq_wrap\">\r\n\t\t\t\t\t\t\t\t\t<div class=\"sq_content\"><img decoding=\"async\" alt=\"\" src=\"https:\/\/burzoncomenge.com\/wp-content\/uploads\/2022\/03\/Albert_BurzonComenge2.jpg\"><\/div>\r\n\t\t\t\t\t\t\t\t<\/div>\r\n\t\t\t\t\t\t\t<\/div>\r\n\t\t\t\t\t\t<\/div>\r\n\t\t\t\t\t\t<h3 class=\"item_name\">Albert Burzon<\/h3>\r\n\t\t\t\t\t\t<p class=\"item_position\">CEO. Especialista en innovaci\u00f3 audiovisual i restituci\u00f3 de patrimoni cultural<\/p>\r\n\t\t\t\t\t<\/div><div class=\"item \">\r\n\t\t\t\t\t\t<div class=\"item_img\">\r\n\t\t\t\t\t\t\t<div class=\"socials-user\">\t<a class=\"instagram\" href=\"https:\/\/www.instagram.com\/burzon_comenge\/\"><\/a>\t<a class=\"twitter\" href=\"https:\/\/twitter.com\/burzon_comenge?lang=ca\"><\/a>\t<a class=\"linkedin\" href=\"https:\/\/www.linkedin.com\/in\/ester-comenge-secanell-90a3563b\/\"><\/a>\t\t<\/div>\r\n\t\t\t\t\t\t\t<div class=\"sq_parent\">\r\n\t\t\t\t\t\t\t\t<div class=\"sq_wrap\">\r\n\t\t\t\t\t\t\t\t\t<div class=\"sq_content\"><img decoding=\"async\" alt=\"\" src=\"https:\/\/burzoncomenge.com\/wp-content\/uploads\/2022\/03\/Ester_BurzonComenge2.jpg\"><\/div>\r\n\t\t\t\t\t\t\t\t<\/div>\r\n\t\t\t\t\t\t\t<\/div>\r\n\t\t\t\t\t\t<\/div>\r\n\t\t\t\t\t\t<h3 class=\"item_name\">Ester Comenge<\/h3>\r\n\t\t\t\t\t\t<p class=\"item_position\">CEO. Especialista en estrat\u00e8gia digital, disseny i imatge corporativa<\/p>\r\n\t\t\t\t\t<\/div><div class=\"item \">\r\n\t\t\t\t\t\t<div class=\"item_img\">\r\n\t\t\t\t\t\t\t<div class=\"socials-user\">\t<a class=\"instagram\" href=\"https:\/\/www.instagram.com\/burzon_comenge\/\"><\/a>\t<a class=\"twitter\" href=\"https:\/\/twitter.com\/burzon_comenge?lang=ca\"><\/a>\t<a class=\"linkedin\" href=\"https:\/\/www.linkedin.com\/in\/ester-comenge-secanell-90a3563b\"><\/a>\t\t<\/div>\r\n\t\t\t\t\t\t\t<div class=\"sq_parent\">\r\n\t\t\t\t\t\t\t\t<div class=\"sq_wrap\">\r\n\t\t\t\t\t\t\t\t\t<div class=\"sq_content\"><img decoding=\"async\" alt=\"\" src=\"https:\/\/burzoncomenge.com\/wp-content\/uploads\/2022\/03\/Galo_burzonComenge.jpg\"><\/div>\r\n\t\t\t\t\t\t\t\t<\/div>\r\n\t\t\t\t\t\t\t<\/div>\r\n\t\t\t\t\t\t<\/div>\r\n\t\t\t\t\t\t<h3 class=\"item_name\">Galo Bertran<\/h3>\r\n\t\t\t\t\t\t<p class=\"item_position\">Especialista en digitalitzaci\u00f3<\/p>\r\n\t\t\t\t\t<\/div><div class=\"item \">\r\n\t\t\t\t\t\t<div class=\"item_img\">\r\n\t\t\t\t\t\t\t<div class=\"socials-user\">\t<a class=\"instagram\" href=\"https:\/\/www.instagram.com\/burzon_comenge\/\"><\/a>\t<a class=\"twitter\" href=\"https:\/\/twitter.com\/burzon_comenge?lang=ca\"><\/a>\t<a class=\"linkedin\" href=\"https:\/\/www.linkedin.com\/in\/ester-comenge-secanell-90a3563b\"><\/a>\t\t<\/div>\r\n\t\t\t\t\t\t\t<div class=\"sq_parent\">\r\n\t\t\t\t\t\t\t\t<div class=\"sq_wrap\">\r\n\t\t\t\t\t\t\t\t\t<div class=\"sq_content\"><img decoding=\"async\" alt=\"\" src=\"https:\/\/burzoncomenge.com\/wp-content\/uploads\/2023\/01\/Raquel_Camacho_webbc.jpg\"><\/div>\r\n\t\t\t\t\t\t\t\t<\/div>\r\n\t\t\t\t\t\t\t<\/div>\r\n\t\t\t\t\t\t<\/div>\r\n\t\t\t\t\t\t<h3 class=\"item_name\">Raquel Camacho<\/h3>\r\n\t\t\t\t\t\t<p class=\"item_position\">Especialista en comunicaci\u00f3 audiovisual i coordinadora de projectes<\/p>\r\n\t\t\t\t\t<\/div><div class=\"item \">\r\n\t\t\t\t\t\t<div class=\"item_img\">\r\n\t\t\t\t\t\t\t<div class=\"socials-user\">\t<a class=\"instagram\" href=\"https:\/\/www.instagram.com\/burzon_comenge\/\"><\/a>\t<a class=\"twitter\" href=\"https:\/\/twitter.com\/burzon_comenge?lang=ca\"><\/a>\t<a class=\"linkedin\" href=\"https:\/\/www.linkedin.com\/in\/ester-comenge-secanell-90a3563b\"><\/a>\t\t<\/div>\r\n\t\t\t\t\t\t\t<div class=\"sq_parent\">\r\n\t\t\t\t\t\t\t\t<div class=\"sq_wrap\">\r\n\t\t\t\t\t\t\t\t\t<div class=\"sq_content\"><img decoding=\"async\" alt=\"\" src=\"https:\/\/burzoncomenge.com\/wp-content\/uploads\/2023\/01\/Xavi_Carol_web_bc.jpg\"><\/div>\r\n\t\t\t\t\t\t\t\t<\/div>\r\n\t\t\t\t\t\t\t<\/div>\r\n\t\t\t\t\t\t<\/div>\r\n\t\t\t\t\t\t<h3 class=\"item_name\">Xavi Carol<\/h3>\r\n\t\t\t\t\t\t<p class=\"item_position\">Especialista audiovisual i motion grapher<\/p>\r\n\t\t\t\t\t<\/div><div class=\"item \">\r\n\t\t\t\t\t\t<div class=\"item_img\">\r\n\t\t\t\t\t\t\t<div class=\"socials-user\">\t<a class=\"instagram\" href=\"https:\/\/www.instagram.com\/burzon_comenge\/\"><\/a>\t<a class=\"twitter\" href=\"https:\/\/twitter.com\/burzon_comenge?lang=ca\"><\/a>\t<a class=\"linkedin\" href=\"https:\/\/www.linkedin.com\/in\/ester-comenge-secanell-90a3563b\"><\/a>\t\t<\/div>\r\n\t\t\t\t\t\t\t<div class=\"sq_parent\">\r\n\t\t\t\t\t\t\t\t<div class=\"sq_wrap\">\r\n\t\t\t\t\t\t\t\t\t<div class=\"sq_content\"><img decoding=\"async\" alt=\"\" src=\"https:\/\/burzoncomenge.com\/wp-content\/uploads\/2022\/03\/Alba_Comenge.jpg\"><\/div>\r\n\t\t\t\t\t\t\t\t<\/div>\r\n\t\t\t\t\t\t\t<\/div>\r\n\t\t\t\t\t\t<\/div>\r\n\t\t\t\t\t\t<h3 class=\"item_name\">Alba Comenge<\/h3>\r\n\t\t\t\t\t\t<p class=\"item_position\">Disenyadora UX\/U i Motion Grapher<\/p>\r\n\t\t\t\t\t<\/div>\r\n\t\t\t\t\t\t<\/div>\r\n\r\n\t\t\t\t\t<\/div>\r\n\t\t\t\t<\/div>\r\n\t\t\t<\/section>[\/vc_column][\/vc_row][vc_row][vc_column css=&#8221;.vc_custom_1588499685294{background-color: #ffffff !important;}&#8221;]<section class=\"awards \" style=\"background-color: #ffffff\">\r\n\t\t\t\t<div class=\"wrap\">\r\n\t\t\t\t\t<div class=\"wrap_float\">\r\n\t\t\t\t\t\t<h2 class=\"title\">Per qui treballem<\/h2>\r\n\r\n\t\t\t\t\t\t<div class=\"section_content\">\r\n\t\t\t\t\t\t\t<div class=\"item \">\r\n\t\t\t\t<div class=\"item-logo\"><img decoding=\"async\" src=\"https:\/\/burzoncomenge.com\/wp-content\/uploads\/2025\/03\/logovalencia_0.jpg\" alt=\"Burzon*Comenge\"><\/div>\r\n\t\t\t\t<div class=\"item-info\">\r\n\t\t\t\t\t<div class=\"num\">\r\n\t\t\t\t\t\t\r\n\t\t\t\t\t<\/div>\r\n\t\t\t\t\t<p class=\"text\"><\/p>\r\n\t\t\t\t<\/div>\r\n\t\t\t<\/div><div class=\"item \">\r\n\t\t\t\t<div class=\"item-logo\"><img decoding=\"async\" src=\"https:\/\/burzoncomenge.com\/wp-content\/uploads\/2025\/03\/logolavinia.jpg\" alt=\"Burzon*Comenge\"><\/div>\r\n\t\t\t\t<div class=\"item-info\">\r\n\t\t\t\t\t<div class=\"num\">\r\n\t\t\t\t\t\t\r\n\t\t\t\t\t<\/div>\r\n\t\t\t\t\t<p class=\"text\"><\/p>\r\n\t\t\t\t<\/div>\r\n\t\t\t<\/div><div class=\"item \">\r\n\t\t\t\t<div class=\"item-logo\"><img decoding=\"async\" src=\"https:\/\/burzoncomenge.com\/wp-content\/uploads\/2025\/03\/logoabacus.jpg\" alt=\"Burzon*Comenge\"><\/div>\r\n\t\t\t\t<div class=\"item-info\">\r\n\t\t\t\t\t<div class=\"num\">\r\n\t\t\t\t\t\t\r\n\t\t\t\t\t<\/div>\r\n\t\t\t\t\t<p class=\"text\"><\/p>\r\n\t\t\t\t<\/div>\r\n\t\t\t<\/div><div class=\"item \">\r\n\t\t\t\t<div class=\"item-logo\"><img decoding=\"async\" src=\"https:\/\/burzoncomenge.com\/wp-content\/uploads\/2020\/05\/Gene.jpg\" alt=\"Burzon*Comenge\"><\/div>\r\n\t\t\t\t<div class=\"item-info\">\r\n\t\t\t\t\t<div class=\"num\">\r\n\t\t\t\t\t\t\r\n\t\t\t\t\t<\/div>\r\n\t\t\t\t\t<p class=\"text\"><\/p>\r\n\t\t\t\t<\/div>\r\n\t\t\t<\/div><div class=\"item \">\r\n\t\t\t\t<div class=\"item-logo\"><img decoding=\"async\" src=\"https:\/\/burzoncomenge.com\/wp-content\/uploads\/2020\/05\/Aj_BArcelona_2.jpg\" alt=\"Burzon*Comenge\"><\/div>\r\n\t\t\t\t<div class=\"item-info\">\r\n\t\t\t\t\t<div class=\"num\">\r\n\t\t\t\t\t\t\r\n\t\t\t\t\t<\/div>\r\n\t\t\t\t\t<p class=\"text\"><\/p>\r\n\t\t\t\t<\/div>\r\n\t\t\t<\/div><div class=\"item \">\r\n\t\t\t\t<div class=\"item-logo\"><img decoding=\"async\" src=\"https:\/\/burzoncomenge.com\/wp-content\/uploads\/2020\/05\/diputacio.jpg\" alt=\"Burzon*Comenge\"><\/div>\r\n\t\t\t\t<div class=\"item-info\">\r\n\t\t\t\t\t<div class=\"num\">\r\n\t\t\t\t\t\t\r\n\t\t\t\t\t<\/div>\r\n\t\t\t\t\t<p class=\"text\"><\/p>\r\n\t\t\t\t<\/div>\r\n\t\t\t<\/div><div class=\"item \">\r\n\t\t\t\t<div class=\"item-logo\"><img decoding=\"async\" src=\"https:\/\/burzoncomenge.com\/wp-content\/uploads\/2020\/05\/andorra.jpg\" alt=\"Burzon*Comenge\"><\/div>\r\n\t\t\t\t<div class=\"item-info\">\r\n\t\t\t\t\t<div class=\"num\">\r\n\t\t\t\t\t\t\r\n\t\t\t\t\t<\/div>\r\n\t\t\t\t\t<p class=\"text\"><\/p>\r\n\t\t\t\t<\/div>\r\n\t\t\t<\/div><div class=\"item \">\r\n\t\t\t\t<div class=\"item-logo\"><img decoding=\"async\" src=\"https:\/\/burzoncomenge.com\/wp-content\/uploads\/2020\/05\/monestir.jpg\" alt=\"Burzon*Comenge\"><\/div>\r\n\t\t\t\t<div class=\"item-info\">\r\n\t\t\t\t\t<div class=\"num\">\r\n\t\t\t\t\t\t\r\n\t\t\t\t\t<\/div>\r\n\t\t\t\t\t<p class=\"text\"><\/p>\r\n\t\t\t\t<\/div>\r\n\t\t\t<\/div><div class=\"item \">\r\n\t\t\t\t<div class=\"item-logo\"><img decoding=\"async\" src=\"https:\/\/burzoncomenge.com\/wp-content\/uploads\/2020\/05\/lacaixa2.jpg\" alt=\"Burzon*Comenge\"><\/div>\r\n\t\t\t\t<div class=\"item-info\">\r\n\t\t\t\t\t<div class=\"num\">\r\n\t\t\t\t\t\t\r\n\t\t\t\t\t<\/div>\r\n\t\t\t\t\t<p class=\"text\"><\/p>\r\n\t\t\t\t<\/div>\r\n\t\t\t<\/div><div class=\"item \">\r\n\t\t\t\t<div class=\"item-logo\"><img decoding=\"async\" src=\"https:\/\/burzoncomenge.com\/wp-content\/uploads\/2020\/05\/museu_arqueologia-1.jpg\" alt=\"Burzon*Comenge\"><\/div>\r\n\t\t\t\t<div class=\"item-info\">\r\n\t\t\t\t\t<div class=\"num\">\r\n\t\t\t\t\t\t\r\n\t\t\t\t\t<\/div>\r\n\t\t\t\t\t<p class=\"text\"><\/p>\r\n\t\t\t\t<\/div>\r\n\t\t\t<\/div><div class=\"item \">\r\n\t\t\t\t<div class=\"item-logo\"><img decoding=\"async\" src=\"https:\/\/burzoncomenge.com\/wp-content\/uploads\/2020\/05\/Museu_girona-1.jpg\" alt=\"Burzon*Comenge\"><\/div>\r\n\t\t\t\t<div class=\"item-info\">\r\n\t\t\t\t\t<div class=\"num\">\r\n\t\t\t\t\t\t\r\n\t\t\t\t\t<\/div>\r\n\t\t\t\t\t<p class=\"text\"><\/p>\r\n\t\t\t\t<\/div>\r\n\t\t\t<\/div><div class=\"item \">\r\n\t\t\t\t<div class=\"item-logo\"><img decoding=\"async\" src=\"https:\/\/burzoncomenge.com\/wp-content\/uploads\/2020\/05\/Museu_diocesa.jpg\" alt=\"Burzon*Comenge\"><\/div>\r\n\t\t\t\t<div class=\"item-info\">\r\n\t\t\t\t\t<div class=\"num\">\r\n\t\t\t\t\t\t\r\n\t\t\t\t\t<\/div>\r\n\t\t\t\t\t<p class=\"text\"><\/p>\r\n\t\t\t\t<\/div>\r\n\t\t\t<\/div><div class=\"item \">\r\n\t\t\t\t<div class=\"item-logo\"><img decoding=\"async\" src=\"https:\/\/burzoncomenge.com\/wp-content\/uploads\/2022\/11\/MNAC_Logo_NEG_ok-1.jpg\" alt=\"Burzon*Comenge\"><\/div>\r\n\t\t\t\t<div class=\"item-info\">\r\n\t\t\t\t\t<div class=\"num\">\r\n\t\t\t\t\t\t\r\n\t\t\t\t\t<\/div>\r\n\t\t\t\t\t<p class=\"text\"><\/p>\r\n\t\t\t\t<\/div>\r\n\t\t\t<\/div><div class=\"item \">\r\n\t\t\t\t<div class=\"item-logo\"><img decoding=\"async\" src=\"https:\/\/burzoncomenge.com\/wp-content\/uploads\/2020\/05\/Palau_guell-1.jpg\" alt=\"Burzon*Comenge\"><\/div>\r\n\t\t\t\t<div class=\"item-info\">\r\n\t\t\t\t\t<div class=\"num\">\r\n\t\t\t\t\t\t\r\n\t\t\t\t\t<\/div>\r\n\t\t\t\t\t<p class=\"text\"><\/p>\r\n\t\t\t\t<\/div>\r\n\t\t\t<\/div><div class=\"item \">\r\n\t\t\t\t<div class=\"item-logo\"><img decoding=\"async\" src=\"https:\/\/burzoncomenge.com\/wp-content\/uploads\/2022\/11\/CRBMC_Burzon_Comenge.jpg\" alt=\"Burzon*Comenge\"><\/div>\r\n\t\t\t\t<div class=\"item-info\">\r\n\t\t\t\t\t<div class=\"num\">\r\n\t\t\t\t\t\t\r\n\t\t\t\t\t<\/div>\r\n\t\t\t\t\t<p class=\"text\"><\/p>\r\n\t\t\t\t<\/div>\r\n\t\t\t<\/div><div class=\"item \">\r\n\t\t\t\t<div class=\"item-logo\"><img decoding=\"async\" src=\"https:\/\/burzoncomenge.com\/wp-content\/uploads\/2022\/11\/IdealCAD_Burzon_Comenge.png\" alt=\"Burzon*Comenge\"><\/div>\r\n\t\t\t\t<div class=\"item-info\">\r\n\t\t\t\t\t<div class=\"num\">\r\n\t\t\t\t\t\t\r\n\t\t\t\t\t<\/div>\r\n\t\t\t\t\t<p class=\"text\"><\/p>\r\n\t\t\t\t<\/div>\r\n\t\t\t<\/div><div class=\"item \">\r\n\t\t\t\t<div class=\"item-logo\"><img decoding=\"async\" src=\"https:\/\/burzoncomenge.com\/wp-content\/uploads\/2022\/11\/lemeridien_ra-1.jpeg\" alt=\"Burzon*Comenge\"><\/div>\r\n\t\t\t\t<div class=\"item-info\">\r\n\t\t\t\t\t<div class=\"num\">\r\n\t\t\t\t\t\t\r\n\t\t\t\t\t<\/div>\r\n\t\t\t\t\t<p class=\"text\"><\/p>\r\n\t\t\t\t<\/div>\r\n\t\t\t<\/div><div class=\"item \">\r\n\t\t\t\t<div class=\"item-logo\"><img decoding=\"async\" src=\"https:\/\/burzoncomenge.com\/wp-content\/uploads\/2022\/11\/MEV_burzon_comenge.png\" alt=\"Burzon*Comenge\"><\/div>\r\n\t\t\t\t<div class=\"item-info\">\r\n\t\t\t\t\t<div class=\"num\">\r\n\t\t\t\t\t\t\r\n\t\t\t\t\t<\/div>\r\n\t\t\t\t\t<p class=\"text\"><\/p>\r\n\t\t\t\t<\/div>\r\n\t\t\t<\/div><div class=\"item \">\r\n\t\t\t\t<div class=\"item-logo\"><img decoding=\"async\" src=\"https:\/\/burzoncomenge.com\/wp-content\/uploads\/2022\/11\/museu-diocesa_Burzon_Comenge-1.jpg\" alt=\"Burzon*Comenge\"><\/div>\r\n\t\t\t\t<div class=\"item-info\">\r\n\t\t\t\t\t<div class=\"num\">\r\n\t\t\t\t\t\t\r\n\t\t\t\t\t<\/div>\r\n\t\t\t\t\t<p class=\"text\"><\/p>\r\n\t\t\t\t<\/div>\r\n\t\t\t<\/div><div class=\"item \">\r\n\t\t\t\t<div class=\"item-logo\"><img decoding=\"async\" src=\"https:\/\/burzoncomenge.com\/wp-content\/uploads\/2022\/11\/Museu_Solsona_Burzon_Comenge-1-scaled.jpeg\" alt=\"Burzon*Comenge\"><\/div>\r\n\t\t\t\t<div class=\"item-info\">\r\n\t\t\t\t\t<div class=\"num\">\r\n\t\t\t\t\t\t\r\n\t\t\t\t\t<\/div>\r\n\t\t\t\t\t<p class=\"text\"><\/p>\r\n\t\t\t\t<\/div>\r\n\t\t\t<\/div><div class=\"item \">\r\n\t\t\t\t<div class=\"item-logo\"><img decoding=\"async\" src=\"https:\/\/burzoncomenge.com\/wp-content\/uploads\/2020\/05\/Bisbat_urgell3.jpg\" alt=\"Burzon*Comenge\"><\/div>\r\n\t\t\t\t<div class=\"item-info\">\r\n\t\t\t\t\t<div class=\"num\">\r\n\t\t\t\t\t\t\r\n\t\t\t\t\t<\/div>\r\n\t\t\t\t\t<p class=\"text\"><\/p>\r\n\t\t\t\t<\/div>\r\n\t\t\t<\/div><div class=\"item \">\r\n\t\t\t\t<div class=\"item-logo\"><img decoding=\"async\" src=\"https:\/\/burzoncomenge.com\/wp-content\/uploads\/2020\/05\/Centre_romanic2.jpg\" alt=\"Burzon*Comenge\"><\/div>\r\n\t\t\t\t<div class=\"item-info\">\r\n\t\t\t\t\t<div class=\"num\">\r\n\t\t\t\t\t\t\r\n\t\t\t\t\t<\/div>\r\n\t\t\t\t\t<p class=\"text\"><\/p>\r\n\t\t\t\t<\/div>\r\n\t\t\t<\/div>\r\n\t\t\t\t\t\t<\/div><\/div>\r\n\t\t\t\t<\/div>\r\n\t\t\t<\/section>\r\n\t\t\t\t\t\t[\/vc_column][\/vc_row]<\/p>\n<\/div>","protected":false},"excerpt":{"rendered":"<p>[vc_row][vc_column][\/vc_column][\/vc_row][vc_row][vc_column][\/vc_column][\/vc_row][vc_row background_color=&#8221;#f4f4f4&#8243;][vc_column css=&#8221;.vc_custom_1588499728559{background-color: #f4f4f4 !important;}&#8221;][\/vc_column][\/vc_row][vc_row][vc_column css=&#8221;.vc_custom_1588499685294{background-color: #ffffff !important;}&#8221;][\/vc_column][\/vc_row]<\/p>\n","protected":false},"author":2,"featured_media":0,"parent":0,"menu_order":0,"comment_status":"closed","ping_status":"closed","template":"page-fullwidth.php","meta":{"footnotes":""},"class_list":["post-74495","page","type-page","status-publish","hentry"],"yoast_head":"<!-- This site is optimized with the Yoast SEO plugin v27.2 - https:\/\/yoast.com\/product\/yoast-seo-wordpress\/ -->\n<title>Estudi creatiu d&#039;innovaci\u00f3 digital a Barcelona | Burzon<\/title>\n<meta name=\"description\" content=\"Som un equip multidisciplinari expert en narrativa digital, art i tecnologia. Projectes culturals i audiovisuals creats amb rigor i creativitat. Coneix-nos\" \/>\n<meta name=\"robots\" content=\"index, follow, max-snippet:-1, max-image-preview:large, max-video-preview:-1\" \/>\n<link rel=\"canonical\" href=\"https:\/\/burzoncomenge.com\/ca\/about-us\/\" \/>\n<meta property=\"og:locale\" content=\"ca_ES\" \/>\n<meta property=\"og:type\" content=\"article\" \/>\n<meta property=\"og:title\" content=\"Estudi creatiu d&#039;innovaci\u00f3 digital a Barcelona | Burzon\" \/>\n<meta property=\"og:description\" content=\"Som un equip multidisciplinari expert en narrativa digital, art i tecnologia. Projectes culturals i audiovisuals creats amb rigor i creativitat. Coneix-nos\" \/>\n<meta property=\"og:url\" content=\"https:\/\/burzoncomenge.com\/ca\/about-us\/\" \/>\n<meta property=\"og:site_name\" content=\"Burzon*Comenge\" \/>\n<meta property=\"article:modified_time\" content=\"2026-02-04T11:35:46+00:00\" \/>\n<meta name=\"twitter:card\" content=\"summary_large_image\" \/>\n<meta name=\"twitter:label1\" content=\"Temps estimat de lectura\" \/>\n\t<meta name=\"twitter:data1\" content=\"7 minuts\" \/>\n<script type=\"application\/ld+json\" class=\"yoast-schema-graph\">{\"@context\":\"https:\/\/schema.org\",\"@graph\":[{\"@type\":\"WebPage\",\"@id\":\"https:\/\/burzoncomenge.com\/ca\/about-us\/\",\"url\":\"https:\/\/burzoncomenge.com\/ca\/about-us\/\",\"name\":\"Estudi creatiu d'innovaci\u00f3 digital a Barcelona | Burzon\",\"isPartOf\":{\"@id\":\"https:\/\/burzoncomenge.com\/ca\/#website\"},\"datePublished\":\"2019-07-23T06:54:20+00:00\",\"dateModified\":\"2026-02-04T11:35:46+00:00\",\"description\":\"Som un equip multidisciplinari expert en narrativa digital, art i tecnologia. Projectes culturals i audiovisuals creats amb rigor i creativitat. Coneix-nos\",\"breadcrumb\":{\"@id\":\"https:\/\/burzoncomenge.com\/ca\/about-us\/#breadcrumb\"},\"inLanguage\":\"ca\",\"potentialAction\":[{\"@type\":\"ReadAction\",\"target\":[\"https:\/\/burzoncomenge.com\/ca\/about-us\/\"]}]},{\"@type\":\"BreadcrumbList\",\"@id\":\"https:\/\/burzoncomenge.com\/ca\/about-us\/#breadcrumb\",\"itemListElement\":[{\"@type\":\"ListItem\",\"position\":1,\"name\":\"Home\",\"item\":\"https:\/\/burzoncomenge.com\/ca\/\"},{\"@type\":\"ListItem\",\"position\":2,\"name\":\"Qui som\"}]},{\"@type\":\"WebSite\",\"@id\":\"https:\/\/burzoncomenge.com\/ca\/#website\",\"url\":\"https:\/\/burzoncomenge.com\/ca\/\",\"name\":\"Burzon*Comenge\",\"description\":\"Creative Studio\",\"publisher\":{\"@id\":\"https:\/\/burzoncomenge.com\/ca\/#organization\"},\"potentialAction\":[{\"@type\":\"SearchAction\",\"target\":{\"@type\":\"EntryPoint\",\"urlTemplate\":\"https:\/\/burzoncomenge.com\/ca\/?s={search_term_string}\"},\"query-input\":{\"@type\":\"PropertyValueSpecification\",\"valueRequired\":true,\"valueName\":\"search_term_string\"}}],\"inLanguage\":\"ca\"},{\"@type\":\"Organization\",\"@id\":\"https:\/\/burzoncomenge.com\/ca\/#organization\",\"name\":\"Burzon*Comenge\",\"url\":\"https:\/\/burzoncomenge.com\/ca\/\",\"logo\":{\"@type\":\"ImageObject\",\"inLanguage\":\"ca\",\"@id\":\"https:\/\/burzoncomenge.com\/ca\/#\/schema\/logo\/image\/\",\"url\":\"https:\/\/burzoncomenge.com\/wp-content\/uploads\/2020\/04\/Logo_bc.png\",\"contentUrl\":\"https:\/\/burzoncomenge.com\/wp-content\/uploads\/2020\/04\/Logo_bc.png\",\"width\":983,\"height\":185,\"caption\":\"Burzon*Comenge\"},\"image\":{\"@id\":\"https:\/\/burzoncomenge.com\/ca\/#\/schema\/logo\/image\/\"}}]}<\/script>\n<!-- \/ Yoast SEO plugin. -->","yoast_head_json":{"title":"Estudi creatiu d'innovaci\u00f3 digital a Barcelona | Burzon","description":"Som un equip multidisciplinari expert en narrativa digital, art i tecnologia. Projectes culturals i audiovisuals creats amb rigor i creativitat. Coneix-nos","robots":{"index":"index","follow":"follow","max-snippet":"max-snippet:-1","max-image-preview":"max-image-preview:large","max-video-preview":"max-video-preview:-1"},"canonical":"https:\/\/burzoncomenge.com\/ca\/about-us\/","og_locale":"ca_ES","og_type":"article","og_title":"Estudi creatiu d'innovaci\u00f3 digital a Barcelona | Burzon","og_description":"Som un equip multidisciplinari expert en narrativa digital, art i tecnologia. Projectes culturals i audiovisuals creats amb rigor i creativitat. Coneix-nos","og_url":"https:\/\/burzoncomenge.com\/ca\/about-us\/","og_site_name":"Burzon*Comenge","article_modified_time":"2026-02-04T11:35:46+00:00","twitter_card":"summary_large_image","twitter_misc":{"Temps estimat de lectura":"7 minuts"},"schema":{"@context":"https:\/\/schema.org","@graph":[{"@type":"WebPage","@id":"https:\/\/burzoncomenge.com\/ca\/about-us\/","url":"https:\/\/burzoncomenge.com\/ca\/about-us\/","name":"Estudi creatiu d'innovaci\u00f3 digital a Barcelona | Burzon","isPartOf":{"@id":"https:\/\/burzoncomenge.com\/ca\/#website"},"datePublished":"2019-07-23T06:54:20+00:00","dateModified":"2026-02-04T11:35:46+00:00","description":"Som un equip multidisciplinari expert en narrativa digital, art i tecnologia. Projectes culturals i audiovisuals creats amb rigor i creativitat. Coneix-nos","breadcrumb":{"@id":"https:\/\/burzoncomenge.com\/ca\/about-us\/#breadcrumb"},"inLanguage":"ca","potentialAction":[{"@type":"ReadAction","target":["https:\/\/burzoncomenge.com\/ca\/about-us\/"]}]},{"@type":"BreadcrumbList","@id":"https:\/\/burzoncomenge.com\/ca\/about-us\/#breadcrumb","itemListElement":[{"@type":"ListItem","position":1,"name":"Home","item":"https:\/\/burzoncomenge.com\/ca\/"},{"@type":"ListItem","position":2,"name":"Qui som"}]},{"@type":"WebSite","@id":"https:\/\/burzoncomenge.com\/ca\/#website","url":"https:\/\/burzoncomenge.com\/ca\/","name":"Burzon*Comenge","description":"Creative Studio","publisher":{"@id":"https:\/\/burzoncomenge.com\/ca\/#organization"},"potentialAction":[{"@type":"SearchAction","target":{"@type":"EntryPoint","urlTemplate":"https:\/\/burzoncomenge.com\/ca\/?s={search_term_string}"},"query-input":{"@type":"PropertyValueSpecification","valueRequired":true,"valueName":"search_term_string"}}],"inLanguage":"ca"},{"@type":"Organization","@id":"https:\/\/burzoncomenge.com\/ca\/#organization","name":"Burzon*Comenge","url":"https:\/\/burzoncomenge.com\/ca\/","logo":{"@type":"ImageObject","inLanguage":"ca","@id":"https:\/\/burzoncomenge.com\/ca\/#\/schema\/logo\/image\/","url":"https:\/\/burzoncomenge.com\/wp-content\/uploads\/2020\/04\/Logo_bc.png","contentUrl":"https:\/\/burzoncomenge.com\/wp-content\/uploads\/2020\/04\/Logo_bc.png","width":983,"height":185,"caption":"Burzon*Comenge"},"image":{"@id":"https:\/\/burzoncomenge.com\/ca\/#\/schema\/logo\/image\/"}}]}},"_links":{"self":[{"href":"https:\/\/burzoncomenge.com\/ca\/wp-json\/wp\/v2\/pages\/74495","targetHints":{"allow":["GET"]}}],"collection":[{"href":"https:\/\/burzoncomenge.com\/ca\/wp-json\/wp\/v2\/pages"}],"about":[{"href":"https:\/\/burzoncomenge.com\/ca\/wp-json\/wp\/v2\/types\/page"}],"author":[{"embeddable":true,"href":"https:\/\/burzoncomenge.com\/ca\/wp-json\/wp\/v2\/users\/2"}],"replies":[{"embeddable":true,"href":"https:\/\/burzoncomenge.com\/ca\/wp-json\/wp\/v2\/comments?post=74495"}],"version-history":[{"count":67,"href":"https:\/\/burzoncomenge.com\/ca\/wp-json\/wp\/v2\/pages\/74495\/revisions"}],"predecessor-version":[{"id":78057,"href":"https:\/\/burzoncomenge.com\/ca\/wp-json\/wp\/v2\/pages\/74495\/revisions\/78057"}],"wp:attachment":[{"href":"https:\/\/burzoncomenge.com\/ca\/wp-json\/wp\/v2\/media?parent=74495"}],"curies":[{"name":"wp","href":"https:\/\/api.w.org\/{rel}","templated":true}]}}