{"id":74494,"date":"2019-07-23T06:53:58","date_gmt":"2019-07-23T06:53:58","guid":{"rendered":"https:\/\/localhost\/ontold\/?page_id=6"},"modified":"2026-02-09T12:35:03","modified_gmt":"2026-02-09T12:35:03","slug":"services","status":"publish","type":"page","link":"https:\/\/burzoncomenge.com\/ca\/services\/","title":{"rendered":"Serveis"},"content":{"rendered":"<div class=\"wpb-content-wrapper\"><p>[vc_row][vc_column]<div class=\"left-socials black\">\t<a class=\"instagram\" href=\"https:\/\/www.instagram.com\/burzon_comenge\/\"><\/a>\t<a class=\"twitter\" href=\"https:\/\/twitter.com\/burzon_comenge\"><\/a>\t<a class=\"behance\" href=\"https:\/\/www.behance.net\/BurzonComenge\"><\/a><\/div>\n\n\t\t\t<header class=\"page--head pagebanner \" style=\"background-image: url(); background-color: ; margin-bottom: \">\n\t\t\t\t<div class=\"wrap\">\n\t\t\t\t\t<div class=\"wrap_float\">\n\t\t\t\t\t\t<h1 class=\"title\" style=\"max-width: 505px;\">Serveis digitals per crear experi\u00e8ncies immersives i culturals<\/h1><\/div>\n\t\t\t\t<\/div>\n\t\t\t<\/header>[\/vc_column][\/vc_row][vc_row full_height=&#8221;yes&#8221; background_color=&#8221;#f4f4f4&#8243; css=&#8221;.vc_custom_1596184791324{margin-left: 0px !important;background-color: #f4f4f4 !important;}&#8221;][vc_column]<div class=\"info-block \"><div class=\"wrap\">\r\n\t\t\t\t\t<div class=\"wrap_float\">\r\n\t\t\t\t\t\t<p><b>Ens posem en la pell de l\u2019usuari.<\/b> Ens centrem en tot el que experimenta, en les intuicions i les emocions. Comuniquem els continguts del nostre stakeholder creant engagement i superant les expectatives de l\u2019usuari. Dissenyem experi\u00e8ncies emocionals posant la tecnologia al servei de l\u2019estrat\u00e8gia de continguts.<\/p><a class=\"link\" href=\"https:\/\/burzoncomenge.com\/showcase\/\"><span><span class=\"link-text\">Veure projectes<\/span><\/span><\/a>\r\n\t\t\t\t\t<\/div>\r\n\t\t\t\t<\/div>\r\n\t\t\t<\/div>[vc_single_image image=&#8221;75242&#8243; img_size=&#8221;large&#8221; alignment=&#8221;center&#8221; css=&#8221;.vc_custom_1601188399552{background-color: #f4f4f4 !important;}&#8221;][vc_empty_space height=&#8221;150px&#8221;][\/vc_column][\/vc_row][vc_row el_class=&#8221;bc-row-flex&#8221;][vc_column width=&#8221;1\/2&#8243; css=&#8221;.vc_custom_1596184564748{padding-top: 0px !important;}&#8221;][vc_single_image image=&#8221;74723&#8243; img_size=&#8221;full&#8221; css=&#8221;.vc_custom_1596118486677{margin-bottom: 0px !important;}&#8221;][\/vc_column][vc_column width=&#8221;1\/2&#8243; el_class=&#8221;bc-col-centered&#8221;][vc_column_text]<\/p>\n<h2 class=\"h1-style\"><span style=\"color: #000000;\">Restituci\u00f3 virtual i recreaci\u00f3 3D de patrimoni cultural<\/span><\/h2>\n<p>[\/vc_column_text][vc_column_text]Restaurem i restitu\u00efm digitalment pintura, escultura i arquitectura, utilitzant t\u00e8cniques 2D i 3D.[\/vc_column_text][vc_column_text el_class=&#8221;bc-link&#8221;]<a href=\"https:\/\/burzoncomenge.com\/gallery\/taull-1123\/\">Veure projecte<\/a>[\/vc_column_text][\/vc_column][\/vc_row][vc_row el_class=&#8221;bc-row-flex&#8221;][vc_column width=&#8221;1\/2&#8243; el_class=&#8221;bc-col-centered&#8221;][vc_column_text]<\/p>\n<h2 class=\"h1-style\"><span style=\"color: #000000;\">Noves narratives digitals i estrat\u00e8gia de continguts<\/span><\/h2>\n<p>[\/vc_column_text][vc_column_text]Explorem nous camins i estrat\u00e8gies de transformaci\u00f3 digital per a museus, institucions culturals i empreses aportant un punt de vista creatiu i solucions tecnol\u00f2giques exitoses.[\/vc_column_text][vc_column_text el_class=&#8221;bc-link&#8221;]<a href=\"https:\/\/burzoncomenge.com\/gallery\/sixena\/\">M\u00e9s info<\/a>[\/vc_column_text][\/vc_column][vc_column width=&#8221;1\/2&#8243;][vc_single_image image=&#8221;77722&#8243; img_size=&#8221;full&#8221; css=&#8221;.vc_custom_1742553582932{margin-bottom: 0px !important;}&#8221;][\/vc_column][\/vc_row][vc_row el_class=&#8221;bc-row-flex&#8221;][vc_column width=&#8221;1\/2&#8243;][vc_single_image image=&#8221;74730&#8243; img_size=&#8221;full&#8221; css=&#8221;.vc_custom_1596182134843{margin-bottom: 0px !important;}&#8221;][\/vc_column][vc_column width=&#8221;1\/2&#8243; el_class=&#8221;bc-col-centered&#8221;][vc_column_text]<\/p>\n<h2 class=\"h1-style\"><span style=\"color: #000000;\">Tecnologia audiovisual i desenvolupament de continguts digitals<\/span><\/h2>\n<p>[\/vc_column_text][vc_column_text]La tecnologia mai ha d\u2019anar per davant dels continguts sin\u00f3 que els hi ha de fer d\u2019altaveu i real\u00e7ar-los. Realitat virtual, mapping, apps, realitat augmentada, serious game&#8230;[\/vc_column_text][vc_column_text el_class=&#8221;bc-link&#8221;]<a href=\"https:\/\/burzoncomenge.com\/gallery\/rere-murs-monestir\/\">Veure projecte<\/a>[\/vc_column_text][\/vc_column][\/vc_row][vc_row el_class=&#8221;bc-row-flex&#8221;][vc_column width=&#8221;1\/2&#8243; el_class=&#8221;bc-col-centered&#8221;][vc_column_text]<\/p>\n<h2 class=\"h1-style\"><span style=\"color: #000000;\">Fotogrametria i tours virtuals d&#8217;alta precisi\u00f3<\/span><\/h2>\n<p>[\/vc_column_text][vc_column_text]Documentem objectes i espais amb 3D de gran precisi\u00f3. En digitalitzem les formes i els materials a trav\u00e9s d\u2019escanneig i fotografies.[\/vc_column_text][vc_column_text el_class=&#8221;bc-link&#8221;]<a href=\"https:\/\/burzoncomenge.com\/gallery\/palau-moja-barcelona-virtual-tour\/\">Veure projecte<\/a>[\/vc_column_text][\/vc_column][vc_column width=&#8221;1\/2&#8243;][vc_single_image image=&#8221;74734&#8243; img_size=&#8221;full&#8221; css=&#8221;.vc_custom_1596182120139{margin-bottom: 0px !important;}&#8221;][\/vc_column][\/vc_row][vc_row el_class=&#8221;bc-row-flex&#8221;][vc_column width=&#8221;1\/2&#8243;][vc_single_image image=&#8221;77496&#8243; img_size=&#8221;full&#8221; css=&#8221;.vc_custom_1742553597099{margin-bottom: 0px !important;}&#8221;][\/vc_column][vc_column width=&#8221;1\/2&#8243; el_class=&#8221;bc-col-centered&#8221;][vc_column_text]<\/p>\n<h2 class=\"h1-style\"><span style=\"color: #000000;\">Disseny, identitat visual i campanyes creatives<\/span><\/h2>\n<p>[\/vc_column_text][vc_column_text]Dissenyem identitats i campanyes que posicionen les marques en clau estrat\u00e8gica dins en el mercat. Creiem en el disseny com a eina de canvi.[\/vc_column_text][vc_column_text el_class=&#8221;bc-link&#8221;]<a href=\"https:\/\/burzoncomenge.com\/gallery\/jornada-de-patrimoni-cultural\/\">Veure projecte<\/a>[\/vc_column_text][\/vc_column][\/vc_row]<\/p>\n<\/div>","protected":false},"excerpt":{"rendered":"<p>[vc_row][vc_column][\/vc_column][\/vc_row][vc_row full_height=&#8221;yes&#8221; background_color=&#8221;#f4f4f4&#8243; css=&#8221;.vc_custom_1596184791324{margin-left: 0px !important;background-color: #f4f4f4 !important;}&#8221;][vc_column][vc_single_image image=&#8221;75242&#8243; img_size=&#8221;large&#8221; alignment=&#8221;center&#8221; css=&#8221;.vc_custom_1601188399552{background-color: #f4f4f4 !important;}&#8221;][vc_empty_space height=&#8221;150px&#8221;][\/vc_column][\/vc_row][vc_row el_class=&#8221;bc-row-flex&#8221;][vc_column width=&#8221;1\/2&#8243; css=&#8221;.vc_custom_1596184564748{padding-top: 0px !important;}&#8221;][vc_single_image image=&#8221;74723&#8243; img_size=&#8221;full&#8221; css=&#8221;.vc_custom_1596118486677{margin-bottom: 0px !important;}&#8221;][\/vc_column][vc_column width=&#8221;1\/2&#8243; el_class=&#8221;bc-col-centered&#8221;][vc_column_text] Restituci\u00f3 virtual i recreaci\u00f3 3D de patrimoni cultural [\/vc_column_text][vc_column_text]Restaurem i restitu\u00efm digitalment pintura, escultura i arquitectura, utilitzant t\u00e8cniques 2D i 3D.[\/vc_column_text][vc_column_text el_class=&#8221;bc-link&#8221;]Veure projecte[\/vc_column_text][\/vc_column][\/vc_row][vc_row el_class=&#8221;bc-row-flex&#8221;][vc_column width=&#8221;1\/2&#8243; el_class=&#8221;bc-col-centered&#8221;][vc_column_text] Noves narratives<\/p>\n<p class=\"link-more\"><a href=\"https:\/\/burzoncomenge.com\/ca\/services\/\" class=\"more-link\">Read More<\/a><\/p>\n","protected":false},"author":2,"featured_media":0,"parent":0,"menu_order":0,"comment_status":"closed","ping_status":"closed","template":"page-fullwidth.php","meta":{"footnotes":""},"class_list":["post-74494","page","type-page","status-publish","hentry"],"yoast_head":"<!-- This site is optimized with the Yoast SEO plugin v27.2 - https:\/\/yoast.com\/product\/yoast-seo-wordpress\/ -->\n<title>Solucions digitals immersives per cultura i marques\u00a0| Burzon<\/title>\n<meta name=\"description\" content=\"Experi\u00e8ncies immersives amb VR\/AR, fotogrametria, reconstruccions 3D i audiovisual. Tecnologia, creativitat i IA al servei de cultura i marques.\" \/>\n<meta name=\"robots\" content=\"index, follow, max-snippet:-1, max-image-preview:large, max-video-preview:-1\" \/>\n<link rel=\"canonical\" href=\"https:\/\/burzoncomenge.com\/ca\/services\/\" \/>\n<meta property=\"og:locale\" content=\"ca_ES\" \/>\n<meta property=\"og:type\" content=\"article\" \/>\n<meta property=\"og:title\" content=\"Solucions digitals immersives per cultura i marques\u00a0| Burzon\" \/>\n<meta property=\"og:description\" content=\"Experi\u00e8ncies immersives amb VR\/AR, fotogrametria, reconstruccions 3D i audiovisual. Tecnologia, creativitat i IA al servei de cultura i marques.\" \/>\n<meta property=\"og:url\" content=\"https:\/\/burzoncomenge.com\/ca\/services\/\" \/>\n<meta property=\"og:site_name\" content=\"Burzon*Comenge\" \/>\n<meta property=\"article:modified_time\" content=\"2026-02-09T12:35:03+00:00\" \/>\n<meta name=\"twitter:card\" content=\"summary_large_image\" \/>\n<meta name=\"twitter:label1\" content=\"Temps estimat de lectura\" \/>\n\t<meta name=\"twitter:data1\" content=\"2 minuts\" \/>\n<script type=\"application\/ld+json\" class=\"yoast-schema-graph\">{\"@context\":\"https:\/\/schema.org\",\"@graph\":[{\"@type\":\"WebPage\",\"@id\":\"https:\/\/burzoncomenge.com\/ca\/services\/\",\"url\":\"https:\/\/burzoncomenge.com\/ca\/services\/\",\"name\":\"Solucions digitals immersives per cultura i marques\u00a0| Burzon\",\"isPartOf\":{\"@id\":\"https:\/\/burzoncomenge.com\/ca\/#website\"},\"datePublished\":\"2019-07-23T06:53:58+00:00\",\"dateModified\":\"2026-02-09T12:35:03+00:00\",\"description\":\"Experi\u00e8ncies immersives amb VR\/AR, fotogrametria, reconstruccions 3D i audiovisual. Tecnologia, creativitat i IA al servei de cultura i marques.\",\"breadcrumb\":{\"@id\":\"https:\/\/burzoncomenge.com\/ca\/services\/#breadcrumb\"},\"inLanguage\":\"ca\",\"potentialAction\":[{\"@type\":\"ReadAction\",\"target\":[\"https:\/\/burzoncomenge.com\/ca\/services\/\"]}]},{\"@type\":\"BreadcrumbList\",\"@id\":\"https:\/\/burzoncomenge.com\/ca\/services\/#breadcrumb\",\"itemListElement\":[{\"@type\":\"ListItem\",\"position\":1,\"name\":\"Home\",\"item\":\"https:\/\/burzoncomenge.com\/ca\/\"},{\"@type\":\"ListItem\",\"position\":2,\"name\":\"Serveis\"}]},{\"@type\":\"WebSite\",\"@id\":\"https:\/\/burzoncomenge.com\/ca\/#website\",\"url\":\"https:\/\/burzoncomenge.com\/ca\/\",\"name\":\"Burzon*Comenge\",\"description\":\"Creative Studio\",\"publisher\":{\"@id\":\"https:\/\/burzoncomenge.com\/ca\/#organization\"},\"potentialAction\":[{\"@type\":\"SearchAction\",\"target\":{\"@type\":\"EntryPoint\",\"urlTemplate\":\"https:\/\/burzoncomenge.com\/ca\/?s={search_term_string}\"},\"query-input\":{\"@type\":\"PropertyValueSpecification\",\"valueRequired\":true,\"valueName\":\"search_term_string\"}}],\"inLanguage\":\"ca\"},{\"@type\":\"Organization\",\"@id\":\"https:\/\/burzoncomenge.com\/ca\/#organization\",\"name\":\"Burzon*Comenge\",\"url\":\"https:\/\/burzoncomenge.com\/ca\/\",\"logo\":{\"@type\":\"ImageObject\",\"inLanguage\":\"ca\",\"@id\":\"https:\/\/burzoncomenge.com\/ca\/#\/schema\/logo\/image\/\",\"url\":\"https:\/\/burzoncomenge.com\/wp-content\/uploads\/2020\/04\/Logo_bc.png\",\"contentUrl\":\"https:\/\/burzoncomenge.com\/wp-content\/uploads\/2020\/04\/Logo_bc.png\",\"width\":983,\"height\":185,\"caption\":\"Burzon*Comenge\"},\"image\":{\"@id\":\"https:\/\/burzoncomenge.com\/ca\/#\/schema\/logo\/image\/\"}}]}<\/script>\n<!-- \/ Yoast SEO plugin. -->","yoast_head_json":{"title":"Solucions digitals immersives per cultura i marques\u00a0| Burzon","description":"Experi\u00e8ncies immersives amb VR\/AR, fotogrametria, reconstruccions 3D i audiovisual. Tecnologia, creativitat i IA al servei de cultura i marques.","robots":{"index":"index","follow":"follow","max-snippet":"max-snippet:-1","max-image-preview":"max-image-preview:large","max-video-preview":"max-video-preview:-1"},"canonical":"https:\/\/burzoncomenge.com\/ca\/services\/","og_locale":"ca_ES","og_type":"article","og_title":"Solucions digitals immersives per cultura i marques\u00a0| Burzon","og_description":"Experi\u00e8ncies immersives amb VR\/AR, fotogrametria, reconstruccions 3D i audiovisual. Tecnologia, creativitat i IA al servei de cultura i marques.","og_url":"https:\/\/burzoncomenge.com\/ca\/services\/","og_site_name":"Burzon*Comenge","article_modified_time":"2026-02-09T12:35:03+00:00","twitter_card":"summary_large_image","twitter_misc":{"Temps estimat de lectura":"2 minuts"},"schema":{"@context":"https:\/\/schema.org","@graph":[{"@type":"WebPage","@id":"https:\/\/burzoncomenge.com\/ca\/services\/","url":"https:\/\/burzoncomenge.com\/ca\/services\/","name":"Solucions digitals immersives per cultura i marques\u00a0| Burzon","isPartOf":{"@id":"https:\/\/burzoncomenge.com\/ca\/#website"},"datePublished":"2019-07-23T06:53:58+00:00","dateModified":"2026-02-09T12:35:03+00:00","description":"Experi\u00e8ncies immersives amb VR\/AR, fotogrametria, reconstruccions 3D i audiovisual. Tecnologia, creativitat i IA al servei de cultura i marques.","breadcrumb":{"@id":"https:\/\/burzoncomenge.com\/ca\/services\/#breadcrumb"},"inLanguage":"ca","potentialAction":[{"@type":"ReadAction","target":["https:\/\/burzoncomenge.com\/ca\/services\/"]}]},{"@type":"BreadcrumbList","@id":"https:\/\/burzoncomenge.com\/ca\/services\/#breadcrumb","itemListElement":[{"@type":"ListItem","position":1,"name":"Home","item":"https:\/\/burzoncomenge.com\/ca\/"},{"@type":"ListItem","position":2,"name":"Serveis"}]},{"@type":"WebSite","@id":"https:\/\/burzoncomenge.com\/ca\/#website","url":"https:\/\/burzoncomenge.com\/ca\/","name":"Burzon*Comenge","description":"Creative Studio","publisher":{"@id":"https:\/\/burzoncomenge.com\/ca\/#organization"},"potentialAction":[{"@type":"SearchAction","target":{"@type":"EntryPoint","urlTemplate":"https:\/\/burzoncomenge.com\/ca\/?s={search_term_string}"},"query-input":{"@type":"PropertyValueSpecification","valueRequired":true,"valueName":"search_term_string"}}],"inLanguage":"ca"},{"@type":"Organization","@id":"https:\/\/burzoncomenge.com\/ca\/#organization","name":"Burzon*Comenge","url":"https:\/\/burzoncomenge.com\/ca\/","logo":{"@type":"ImageObject","inLanguage":"ca","@id":"https:\/\/burzoncomenge.com\/ca\/#\/schema\/logo\/image\/","url":"https:\/\/burzoncomenge.com\/wp-content\/uploads\/2020\/04\/Logo_bc.png","contentUrl":"https:\/\/burzoncomenge.com\/wp-content\/uploads\/2020\/04\/Logo_bc.png","width":983,"height":185,"caption":"Burzon*Comenge"},"image":{"@id":"https:\/\/burzoncomenge.com\/ca\/#\/schema\/logo\/image\/"}}]}},"_links":{"self":[{"href":"https:\/\/burzoncomenge.com\/ca\/wp-json\/wp\/v2\/pages\/74494","targetHints":{"allow":["GET"]}}],"collection":[{"href":"https:\/\/burzoncomenge.com\/ca\/wp-json\/wp\/v2\/pages"}],"about":[{"href":"https:\/\/burzoncomenge.com\/ca\/wp-json\/wp\/v2\/types\/page"}],"author":[{"embeddable":true,"href":"https:\/\/burzoncomenge.com\/ca\/wp-json\/wp\/v2\/users\/2"}],"replies":[{"embeddable":true,"href":"https:\/\/burzoncomenge.com\/ca\/wp-json\/wp\/v2\/comments?post=74494"}],"version-history":[{"count":103,"href":"https:\/\/burzoncomenge.com\/ca\/wp-json\/wp\/v2\/pages\/74494\/revisions"}],"predecessor-version":[{"id":74722,"href":"https:\/\/burzoncomenge.com\/ca\/wp-json\/wp\/v2\/pages\/74494\/revisions\/74722"}],"wp:attachment":[{"href":"https:\/\/burzoncomenge.com\/ca\/wp-json\/wp\/v2\/media?parent=74494"}],"curies":[{"name":"wp","href":"https:\/\/api.w.org\/{rel}","templated":true}]}}